
{"id":924,"date":"2023-09-19T09:49:37","date_gmt":"2023-09-19T07:49:37","guid":{"rendered":"https:\/\/apartamentoslafuensanta.es\/home\/"},"modified":"2025-05-07T12:17:55","modified_gmt":"2025-05-07T10:17:55","slug":"home","status":"publish","type":"page","link":"https:\/\/apartamentoslafuensanta.es\/en\/","title":{"rendered":"Home"},"content":{"rendered":"<section class=\"wpb-content-wrapper\"><p>[vc_row full_width=&#8221;stretch_row_content_no_spaces&#8221; el_class=&#8221;_visible&#8221;][vc_column][apartments_hero_section background_image=&#8221;549&#8243; title=&#8221;Tourist Apartments in C\u00f3rdoba&#8221; description=&#8221;We offer two apartments near the center of C\u00f3rdoba. You will find all the amenities to enjoy your stay.&#8221;][\/vc_column][\/vc_row][vc_row full_width=&#8221;stretch_row_content_no_spaces&#8221;][vc_column el_class=&#8221;boxHome&#8221;][apartments_about_section title=&#8221;Our first first priority with our customer is:&#8221; description=&#8221;We understand that finding the right apartment is not just about four walls, it\u2019s about finding a place that complements your lifestyle, meets your needs, and feels like home.&#8221; images=&#8221;466,467,468&#8243;][apartments_about_section_item quantity=&#8221;9.5&#8243; label=&#8221;Rating on Booking&#8221;][apartments_about_section_item quantity=&#8221;5&#8243; label=&#8221;Rating on Airbnb&#8221;][\/apartments_about_section][\/vc_column][\/vc_row][vc_row full_width=&#8221;stretch_row_content_no_spaces&#8221;][vc_column][apartments_advantages_section title=&#8221;&#8221; padding_top=&#8221;60&#8243; padding_bottom=&#8221;110&#8243;][apartments_advantages_section_item image=&#8221;604&#8243; title=&#8221;Official Site&#8221; description=&#8221;This is the official website of Apartamentos La Fuensanta. Here you can find all the information about our apartments.&#8221;][apartments_advantages_section_item image=&#8221;602&#8243; title=&#8221;Real Photos&#8221; description=&#8221;All the images displayed on this website have been verified by various clients.&#8221;][apartments_advantages_section_item image=&#8221;594&#8243; title=&#8221;Direct Contact&#8221; description=&#8221;You can call us at +34 629 066 015 for more direct and faster service.&#8221;][\/apartments_advantages_section][\/vc_column][\/vc_row][vc_row css=&#8221;.vc_custom_1741685581269{margin-bottom: 40px !important;}&#8221;][vc_column width=&#8221;1\/2&#8243;][vc_raw_html]JTNDZGl2JTIwY2xhc3MlM0QlMjJvdmVybGF5JTIyJTNFJTBBJTNDaW1nJTIwc3JjJTNEJTIyaHR0cHMlM0ElMkYlMkZhcGFydGFtZW50b3NsYWZ1ZW5zYW50YS5lcyUyRndwLWNvbnRlbnQlMkZ1cGxvYWRzJTJGMjAyNSUyRjAzJTJGU0FMT04tQS5qcGclMjIlM0UlMEElM0NkaXYlMjBjbGFzcyUzRCUyMm92ZXJsYXlUZXh0JTIyJTNFJTBBJTNDaDMlM0VBcGFydGFtZW50JTIwQSUzQyUyRmgzJTNFJTBBJTNDYSUyMGhyZWYlM0QlMjJodHRwcyUzQSUyRiUyRmFwYXJ0YW1lbnRvc2xhZnVlbnNhbnRhLmVzJTJGYXBhcnRtZW50cyUyRmFwYXJ0bWVudC1hJTJGJTIyJTNFTW9yZSUyMGluZm9ybWF0aW9uJTNDJTJGYSUzRSUwQSUzQyUyRmRpdiUzRSUwQSUzQyUyRmRpdiUzRQ==[\/vc_raw_html][\/vc_column][vc_column width=&#8221;1\/2&#8243;][vc_raw_html]JTNDZGl2JTIwY2xhc3MlM0QlMjJvdmVybGF5JTIyJTNFJTBBJTNDaW1nJTIwc3JjJTNEJTIyaHR0cHMlM0ElMkYlMkZhcGFydGFtZW50b3NsYWZ1ZW5zYW50YS5lcyUyRndwLWNvbnRlbnQlMkZ1cGxvYWRzJTJGMjAyNSUyRjAzJTJGR0VORVJBTC1CMi5qcGclMjIlM0UlMEElM0NkaXYlMjBjbGFzcyUzRCUyMm92ZXJsYXlUZXh0JTIyJTNFJTBBJTNDaDMlM0VBcGFydGFtZW50JTIwQiUzQyUyRmgzJTNFJTBBJTNDYSUyMGhyZWYlM0QlMjIlMjBodHRwcyUzQSUyRiUyRmFwYXJ0YW1lbnRvc2xhZnVlbnNhbnRhLmVzJTJGYXBhcnRtZW50cyUyRmFwYXJ0bWVudC1iJTJGJTIyJTNFTW9yZSUyMGluZm9ybWF0aW9uJTNDJTJGYSUzRSUwQSUzQyUyRmRpdiUzRSUwQSUzQyUyRmRpdiUzRQ==[\/vc_raw_html][\/vc_column][\/vc_row][vc_row full_width=&#8221;stretch_row&#8221; css=&#8221;.vc_custom_1741680786150{margin-bottom: -30px !important;background-color: #1abd9b !important;}&#8221;][vc_column][vc_raw_html]JTNDZGl2JTIwc3R5bGUlM0QlMjJ0ZXh0LWFsaWduJTNBY2VudGVyJTNCJTIyJTNFJTBBJTNDaDIlMjBjbGFzcyUzRCUyMmFtX2Fib3V0X190aXRsZSUyMiUyMHN0eWxlJTNEJTIyY29sb3IlM0ElMjNmZmYlM0IlMjIlM0VGcmVjdWVudGx5JTIwQXNrZWQlMjBRdWVzdGlvbnMlM0MlMkZoMiUzRSUwQSUzQ3NwYW4lMjBjbGFzcyUzRCUyMnBsdXNfX2xhYmVsJTIyJTIwc3R5bGUlM0QlMjJjb2xvciUzQSUyM2ZmZiUzQiUyMiUzRUhlcmUlMjBhcmUlMjBzb21lJTIwcXVlc3Rpb25zJTIwdGhhdCUyMG1pZ2h0JTIwaGVscCUyMHlvdSUyMGFib3V0JTIwb3VyJTIwYXBhcnRtZW50cy4lM0MlMkZzcGFuJTNFJTNDJTJGZGl2JTNF[\/vc_raw_html][\/vc_column][\/vc_row][vc_row full_width=&#8221;stretch_row&#8221; css=&#8221;.vc_custom_1741681393224{margin-bottom: -40px !important;padding-bottom: 40px !important;background-color: #1abd9b !important;}&#8221;][vc_column width=&#8221;1\/2&#8243;][vc_toggle title=&#8221;What is the check-in and check-out time?&#8221; style=&#8221;simple&#8221; color=&#8221;white&#8221;]You can check in from 3:00 PM and check out until 1:00 PM.[\/vc_toggle][vc_toggle title=&#8221;What are our apartments like?&#8221; color=&#8221;white&#8221;]Our apartments are Lofts. This type of layout refers to a home with very few divisions, large windows, and lots of light.[\/vc_toggle][vc_toggle title=&#8221;What equipment can I find in our apartments?&#8221; color=&#8221;white&#8221;]Sheets, towels, hairdryer, cutlery, crockery, pots, pans, coffee maker, toaster, sandwich maker, grill, juicer, pizza stone, microwave, iron, ironing board; air conditioning, Wi-Fi.[\/vc_toggle][vc_toggle title=&#8221;How far is it from the center of C\u00f3rdoba?&#8221; color=&#8221;white&#8221;]Apartamentos La Fuensanta is about 800 meters from the center of C\u00f3rdoba.[\/vc_toggle][\/vc_column][vc_column width=&#8221;1\/2&#8243;][vc_toggle title=&#8221;How many people can sleep here?&#8221; style=&#8221;simple&#8221; color=&#8221;white&#8221;]Our apartments can sleep 4 people; we have a double bed and a double sofa bed, both quite comfortable.[\/vc_toggle][vc_toggle title=&#8221;How much does it cost to stay?&#8221; style=&#8221;simple&#8221; color=&#8221;white&#8221;]<span style=\"font-weight: 400;\">Our prices vary depending on the season and the duration of your stay; for a custom quote, contact us through our phone <a href=\"tel:+34629066015\">+34 629 06 60 15<\/a>.<\/span>[\/vc_toggle][vc_toggle title=&#8221;Can I bring my pet?&#8221; style=&#8221;simple&#8221; color=&#8221;white&#8221;]Apartamentos La Fuensanta does not allow pets.[\/vc_toggle][vc_toggle title=&#8221;Where can I park?&#8221; style=&#8221;simple&#8221; color=&#8221;white&#8221;]We recommend you arrive at the apartments by car; if you find parking nearby, park immediately. If not, since our apartments are located on a parallel street to the main one, you can park temporarily in a double row without obstructing traffic, to unload your luggage. Then, head to the free public parking located 4 minutes away.<\/p>\n<p><a href=\"https:\/\/maps.app.goo.gl\/3wEsa5gC1M8oft4R7\">See ubication<\/a>[\/vc_toggle][\/vc_column][\/vc_row][vc_row full_width=&#8221;stretch_row_content_no_spaces&#8221; css=&#8221;.vc_custom_1741681421971{margin-bottom: -40px !important;}&#8221;][vc_column][vc_wp_text]<iframe loading=\"lazy\" src=\"https:\/\/www.google.com\/maps\/embed?pb=!1m18!1m12!1m3!1d6298.273116785982!2d-4.768019323559001!3d37.88048900606247!2m3!1f0!2f0!3f0!3m2!1i1024!2i768!4f13.1!3m3!1m2!1s0xd6d207f16f78f0f%3A0x1fe76b7002381f2b!2sC.%20Pelagio%2C%2021%2C%20Sureste%2C%2014010%20C%C3%B3rdoba!5e0!3m2!1ses!2ses!4v1744104771512!5m2!1ses!2ses\" width=\"100%\" height=\"550px\" allowfullscreen=\"allowfullscreen\"><span data-mce-type=\"bookmark\" style=\"display: inline-block; width: 0px; overflow: hidden; line-height: 0;\" class=\"mce_SELRES_start\">\ufeff<\/span><\/iframe>[\/vc_wp_text][\/vc_column][\/vc_row][vc_row full_width=&#8221;stretch_row_content_no_spaces&#8221;][vc_column][apartments_reviews_section][apartments_reviews_section_item name=&#8221;Alina&#8221; rating=&#8221;4&#8243; review=&#8221;Muy bien equipado, limp\u00edsimo y c\u00f3modo.&#8221;][apartments_reviews_section_item name=&#8221;Heriberto&#8221; rating=&#8221;9&#8243; review=&#8221;Bastante moderno, limpio, la cama muy c\u00f3moda y buena ubicaci\u00f3n para los planes que ten\u00edamos. El personal atento.&#8221;][apartments_reviews_section_item name=&#8221;Raul&#8221; rating=&#8221;10&#8243; review=&#8221;Muy c\u00f3modo y limpio.&#8221;][apartments_reviews_section_item name=&#8221;Marquez&#8221; rating=&#8221;10&#8243; review=&#8221;La situaci\u00f3n , la limpieza y todo muy nuevo.&#8221;][apartments_reviews_section_item name=&#8221;Mar\u00eda&#8221; rating=&#8221;10&#8243; review=&#8221;Apartamento amplio, limpio y nuevo. Muy buena ubicaci\u00f3n y atenci\u00f3n de Jose. Repetiremos!! Muchas gracias!&#8221;][apartments_reviews_section_item name=&#8221;Mauricio&#8221; rating=&#8221;8&#8243; review=&#8221;La atenci\u00f3n del anfitri\u00f3n fue espectacular. Respondi\u00f3 r\u00e1pido nuestros mensajes e incluso vino al departamento cuando lo precisamos. Llegamos y encontramos sal, caf\u00e9, aceite, az\u00facar.&#8221;][\/apartments_reviews_section][\/vc_column][\/vc_row]<\/p>\n<\/section>","protected":false},"excerpt":{"rendered":"<p>[vc_row full_width=&#8221;stretch_row_content_no_spaces&#8221; el_class=&#8221;_visible&#8221;][vc_column][apartments_hero_section background_image=&#8221;549&#8243; title=&#8221;Tourist Apartments in C\u00f3rdoba&#8221; description=&#8221;We offer two apartments near the center of C\u00f3rdoba. You will find all the amenities to enjoy your stay.&#8221;][\/vc_column][\/vc_row][vc_row full_width=&#8221;stretch_row_content_no_spaces&#8221;][vc_column el_class=&#8221;boxHome&#8221;][apartments_about_section title=&#8221;Our first first priority with our customer is:&#8221; description=&#8221;We understand that finding the right apartment is not just about four walls, it\u2019s about finding a place [&hellip;]<\/p>\n","protected":false},"author":1,"featured_media":0,"parent":0,"menu_order":0,"comment_status":"closed","ping_status":"closed","template":"template-home.php","meta":{"footnotes":""},"class_list":["post-924","page","type-page","status-publish","hentry"],"yoast_head":"<!-- This site is optimized with the Yoast SEO plugin v24.7 - https:\/\/yoast.com\/wordpress\/plugins\/seo\/ -->\n<title>Apartamentos tur\u00edsticos en C\u00f3rdoba | Apartamentos La Fuensanta<\/title>\n<meta name=\"description\" content=\"Te ofrecemos dos apartamentos junto al centro de C\u00f3rdoba. Podr\u00e1s encontrar todas las comodidades para disfrutar de tu estancia.\" \/>\n<meta name=\"robots\" content=\"index, follow, max-snippet:-1, max-image-preview:large, max-video-preview:-1\" \/>\n<link rel=\"canonical\" href=\"https:\/\/apartamentoslafuensanta.es\/en\/\" \/>\n<meta property=\"og:locale\" content=\"en_US\" \/>\n<meta property=\"og:type\" content=\"article\" \/>\n<meta property=\"og:title\" content=\"Apartamentos tur\u00edsticos en C\u00f3rdoba | Apartamentos La Fuensanta\" \/>\n<meta property=\"og:description\" content=\"Te ofrecemos dos apartamentos junto al centro de C\u00f3rdoba. Podr\u00e1s encontrar todas las comodidades para disfrutar de tu estancia.\" \/>\n<meta property=\"og:url\" content=\"https:\/\/apartamentoslafuensanta.es\/en\/\" \/>\n<meta property=\"og:site_name\" content=\"Apartamentos La Fuensanta\" \/>\n<meta property=\"article:modified_time\" content=\"2025-05-07T10:17:55+00:00\" \/>\n<meta name=\"twitter:card\" content=\"summary_large_image\" \/>\n<meta name=\"twitter:label1\" content=\"Est. reading time\" \/>\n\t<meta name=\"twitter:data1\" content=\"4 minutes\" \/>\n<script type=\"application\/ld+json\" class=\"yoast-schema-graph\">{\"@context\":\"https:\/\/schema.org\",\"@graph\":[{\"@type\":\"WebPage\",\"@id\":\"https:\/\/apartamentoslafuensanta.es\/en\/\",\"url\":\"https:\/\/apartamentoslafuensanta.es\/en\/\",\"name\":\"Apartamentos tur\u00edsticos en C\u00f3rdoba | Apartamentos La Fuensanta\",\"isPartOf\":{\"@id\":\"https:\/\/apartamentoslafuensanta.es\/#website\"},\"datePublished\":\"2023-09-19T07:49:37+00:00\",\"dateModified\":\"2025-05-07T10:17:55+00:00\",\"description\":\"Te ofrecemos dos apartamentos junto al centro de C\u00f3rdoba. Podr\u00e1s encontrar todas las comodidades para disfrutar de tu estancia.\",\"breadcrumb\":{\"@id\":\"https:\/\/apartamentoslafuensanta.es\/en\/#breadcrumb\"},\"inLanguage\":\"en-US\",\"potentialAction\":[{\"@type\":\"ReadAction\",\"target\":[\"https:\/\/apartamentoslafuensanta.es\/en\/\"]}]},{\"@type\":\"BreadcrumbList\",\"@id\":\"https:\/\/apartamentoslafuensanta.es\/en\/#breadcrumb\",\"itemListElement\":[{\"@type\":\"ListItem\",\"position\":1,\"name\":\"Portada\",\"item\":\"https:\/\/apartamentoslafuensanta.es\/en\/\"},{\"@type\":\"ListItem\",\"position\":2,\"name\":\"Home\"}]},{\"@type\":\"WebSite\",\"@id\":\"https:\/\/apartamentoslafuensanta.es\/#website\",\"url\":\"https:\/\/apartamentoslafuensanta.es\/\",\"name\":\"Apartamentos La Fuensanta\",\"description\":\"\",\"potentialAction\":[{\"@type\":\"SearchAction\",\"target\":{\"@type\":\"EntryPoint\",\"urlTemplate\":\"https:\/\/apartamentoslafuensanta.es\/?s={search_term_string}\"},\"query-input\":{\"@type\":\"PropertyValueSpecification\",\"valueRequired\":true,\"valueName\":\"search_term_string\"}}],\"inLanguage\":\"en-US\"}]}<\/script>\n<!-- \/ Yoast SEO plugin. -->","yoast_head_json":{"title":"Apartamentos tur\u00edsticos en C\u00f3rdoba | Apartamentos La Fuensanta","description":"Te ofrecemos dos apartamentos junto al centro de C\u00f3rdoba. Podr\u00e1s encontrar todas las comodidades para disfrutar de tu estancia.","robots":{"index":"index","follow":"follow","max-snippet":"max-snippet:-1","max-image-preview":"max-image-preview:large","max-video-preview":"max-video-preview:-1"},"canonical":"https:\/\/apartamentoslafuensanta.es\/en\/","og_locale":"en_US","og_type":"article","og_title":"Apartamentos tur\u00edsticos en C\u00f3rdoba | Apartamentos La Fuensanta","og_description":"Te ofrecemos dos apartamentos junto al centro de C\u00f3rdoba. Podr\u00e1s encontrar todas las comodidades para disfrutar de tu estancia.","og_url":"https:\/\/apartamentoslafuensanta.es\/en\/","og_site_name":"Apartamentos La Fuensanta","article_modified_time":"2025-05-07T10:17:55+00:00","twitter_card":"summary_large_image","twitter_misc":{"Est. reading time":"4 minutes"},"schema":{"@context":"https:\/\/schema.org","@graph":[{"@type":"WebPage","@id":"https:\/\/apartamentoslafuensanta.es\/en\/","url":"https:\/\/apartamentoslafuensanta.es\/en\/","name":"Apartamentos tur\u00edsticos en C\u00f3rdoba | Apartamentos La Fuensanta","isPartOf":{"@id":"https:\/\/apartamentoslafuensanta.es\/#website"},"datePublished":"2023-09-19T07:49:37+00:00","dateModified":"2025-05-07T10:17:55+00:00","description":"Te ofrecemos dos apartamentos junto al centro de C\u00f3rdoba. Podr\u00e1s encontrar todas las comodidades para disfrutar de tu estancia.","breadcrumb":{"@id":"https:\/\/apartamentoslafuensanta.es\/en\/#breadcrumb"},"inLanguage":"en-US","potentialAction":[{"@type":"ReadAction","target":["https:\/\/apartamentoslafuensanta.es\/en\/"]}]},{"@type":"BreadcrumbList","@id":"https:\/\/apartamentoslafuensanta.es\/en\/#breadcrumb","itemListElement":[{"@type":"ListItem","position":1,"name":"Portada","item":"https:\/\/apartamentoslafuensanta.es\/en\/"},{"@type":"ListItem","position":2,"name":"Home"}]},{"@type":"WebSite","@id":"https:\/\/apartamentoslafuensanta.es\/#website","url":"https:\/\/apartamentoslafuensanta.es\/","name":"Apartamentos La Fuensanta","description":"","potentialAction":[{"@type":"SearchAction","target":{"@type":"EntryPoint","urlTemplate":"https:\/\/apartamentoslafuensanta.es\/?s={search_term_string}"},"query-input":{"@type":"PropertyValueSpecification","valueRequired":true,"valueName":"search_term_string"}}],"inLanguage":"en-US"}]}},"_links":{"self":[{"href":"https:\/\/apartamentoslafuensanta.es\/en\/wp-json\/wp\/v2\/pages\/924","targetHints":{"allow":["GET"]}}],"collection":[{"href":"https:\/\/apartamentoslafuensanta.es\/en\/wp-json\/wp\/v2\/pages"}],"about":[{"href":"https:\/\/apartamentoslafuensanta.es\/en\/wp-json\/wp\/v2\/types\/page"}],"author":[{"embeddable":true,"href":"https:\/\/apartamentoslafuensanta.es\/en\/wp-json\/wp\/v2\/users\/1"}],"replies":[{"embeddable":true,"href":"https:\/\/apartamentoslafuensanta.es\/en\/wp-json\/wp\/v2\/comments?post=924"}],"version-history":[{"count":8,"href":"https:\/\/apartamentoslafuensanta.es\/en\/wp-json\/wp\/v2\/pages\/924\/revisions"}],"predecessor-version":[{"id":1013,"href":"https:\/\/apartamentoslafuensanta.es\/en\/wp-json\/wp\/v2\/pages\/924\/revisions\/1013"}],"wp:attachment":[{"href":"https:\/\/apartamentoslafuensanta.es\/en\/wp-json\/wp\/v2\/media?parent=924"}],"curies":[{"name":"wp","href":"https:\/\/api.w.org\/{rel}","templated":true}]}}