
{"id":930,"date":"2025-03-17T10:28:15","date_gmt":"2025-03-17T09:28:15","guid":{"rendered":"https:\/\/apartamentoslafuensanta.es\/servicios-cerca\/"},"modified":"2025-05-07T10:54:03","modified_gmt":"2025-05-07T08:54:03","slug":"servicios-cerca","status":"publish","type":"page","link":"https:\/\/apartamentoslafuensanta.es\/en\/servicios-cerca\/","title":{"rendered":"Near Services"},"content":{"rendered":"<section class=\"wpb-content-wrapper\"><p>[vc_row css=&#8221;.vc_custom_1744194711436{margin-top: 120px !important;}&#8221;][vc_column][vc_column_text]<\/p>\n<p style=\"text-align: center; margin-bottom: 40px;\">Here are some services you can find near our apartments.<\/p>\n<p><span class=\"servicios\">EL ARCANGEL Shopping Center, Avenida Del Arc\u00e1ngel S\/N:<br \/>\n<a href=\"https:\/\/www.ccelarcangel.com\/\">Website <\/a><\/span><span class=\"servicios\">PROXI Supermarket, Avda. de Ntra. Sra. de la Fuensanta, 6:<br \/>\n<a href=\"https:\/\/tiendasproxi.com\/nuestras-tiendas\/\">Website <\/a><\/span><br \/>\n<span class=\"servicios\">Parking Location:<br \/>\n<a href=\"https:\/\/maps.app.goo.gl\/FVL15HnUhwkMQarB8\">Location<\/a><\/span><span class=\"servicios\">DEZA Supermarket<strong>,<\/strong> C\/ Camino De La Barca, 1: <a href=\"https:\/\/www.dezacalidad.es\/centros\/camino-de-la-barca\/\">Website<\/a>\u00a0<\/span><br \/>\n<span class=\"servicios\">EL SANTUARIO Pools and Sports Facilities, Calle Ntra. Sra. de Bel\u00e9n S\/N:<br \/>\n<a href=\"https:\/\/solypro.es\/\">Website<\/a><\/span><span class=\"servicios\">SANTUARIO NTRA. SRA. DE LA FUENSANTA, Plaza Santuario De La Fuensanta S\/N:<br \/>\n<a href=\"https:\/\/www.artencordoba.com\/santuario-fuensanta-cordoba\/\">Website<\/a><br \/>\n<\/span><br \/>\n<span class=\"servicios\">JUANMA Food Bar, C\/ Camino De La Barca 2: <a href=\"https:\/\/maps.app.goo.gl\/uEU1QfXYCRVXoqsz9\">Location<\/a><\/span><span class=\"servicios\">TANTA GLORIA Tapas and Breakfast Bar, C\/ Pablo Neruda 17:<br \/>\n<a href=\"https:\/\/maps.app.goo.gl\/w3u2nXQx4hwBJTZ27\">Location<\/a><\/span><br \/>\n<span class=\"servicios\">TABERNA LA ABUELA Tapas and Breakfast Bar, Plaza Santuario De La Fuensanta S\/N:<br \/>\n<a href=\"https:\/\/maps.app.goo.gl\/ft5G29HJYkxhmuVa8\">Location<\/a><\/span><span class=\"servicios\"> RIO GRANDE Artisan Bakery and Pastry, C\/ Pelagio, 19 LA COSECHA Bakery, C\/Venerable Juan De Santiago, 4:<br \/>\n<a href=\"https:\/\/riograndepasteleria.es\/\">Website<\/a><\/span><br \/>\n<span class=\"servicios\">Chicken Rotisserie Speed,<br \/>\nC. Periodista Francisco Hidalgo Trillo, 4, Sureste, 14010 C\u00f3rdoba<br \/>\n<a href=\"https:\/\/maps.app.goo.gl\/FzjuTybQ63rbPAKw9\">Location<\/a><\/span><span class=\"servicios\">Farmacia El Arenal (Farmacia Bonilla Navarro),<br \/>\nC. Periodista Jos\u00e9 Luis de C\u00f3rdoba, 1, Local 3, Sureste, 14010 C\u00f3rdoba<br \/>\n<a href=\"https:\/\/maps.app.goo.gl\/u3C7HCUmkaZme3r76\">Location<\/a><\/span><br \/>\n<span class=\"servicios\">BBVA,<br \/>\nC. Periodista Eduardo Baro, Sureste, 14010 C\u00f3rdoba<br \/>\n<a href=\"https:\/\/maps.app.goo.gl\/eb9ECDenVwpnfH2M7\">Location<\/a><\/span><span class=\"servicios\">Cajasur,<br \/>\nC. Cta. de la P\u00f3lvora, 22, Sureste, 14010 C\u00f3rdoba<br \/>\n<a href=\"https:\/\/maps.app.goo.gl\/GaKbj1SkWmWznwBW8\">Location<\/a><\/span><br \/>\n<span class=\"servicios\">CaixaBank Store,<br \/>\nC. Cta. de la P\u00f3lvora, 18, Sureste, 14010 C\u00f3rdoba<br \/>\n<a href=\"https:\/\/maps.app.goo.gl\/tpaez2gSnwxe8fHq9\">Location<\/a><\/span><span class=\"servicios\">Oficina Caja Rural del Sur,<br \/>\nC. Periodista Eduardo Baro, 11, Sureste, 14010 C\u00f3rdoba<br \/>\n<a href=\"https:\/\/maps.app.goo.gl\/aF4sQRG2jzCssx3s5\">Location<\/a><\/span><br \/>\n<span class=\"servicios\">la cosecha,<br \/>\nC. Venerable Juan de Santiago, Sureste, 14010 C\u00f3rdoba<br \/>\n<a href=\"https:\/\/maps.app.goo.gl\/Kpc1ktB6K3WKxQmRA\">Location<\/a><\/span><span class=\"servicios\">Hair\u00b4s Fany,<br \/>\nC. Conquistador Ordo\u00f1o \u00c1lvarez, 5, Sureste, 14010 C\u00f3rdoba<br \/>\n<a href=\"https:\/\/maps.app.goo.gl\/jauWyKojWq9qk7Qf9\">Location<\/a><\/span>[\/vc_column_text][\/vc_column][\/vc_row]<\/p>\n<\/section>","protected":false},"excerpt":{"rendered":"<p>[vc_row css=&#8221;.vc_custom_1744194711436{margin-top: 120px !important;}&#8221;][vc_column][vc_column_text] Here are some services you can find near our apartments. EL ARCANGEL Shopping Center, Avenida Del Arc\u00e1ngel S\/N: Website PROXI Supermarket, Avda. de Ntra. Sra. de la Fuensanta, 6: Website Parking Location: LocationDEZA Supermarket, C\/ Camino De La Barca, 1: Website\u00a0 EL SANTUARIO Pools and Sports Facilities, Calle Ntra. Sra. de [&hellip;]<\/p>\n","protected":false},"author":1,"featured_media":0,"parent":0,"menu_order":0,"comment_status":"closed","ping_status":"closed","template":"","meta":{"footnotes":""},"class_list":["post-930","page","type-page","status-publish","hentry"],"yoast_head":"<!-- This site is optimized with the Yoast SEO plugin v24.7 - https:\/\/yoast.com\/wordpress\/plugins\/seo\/ -->\n<title>Near Services - Apartamentos La Fuensanta<\/title>\n<meta name=\"robots\" content=\"index, follow, max-snippet:-1, max-image-preview:large, max-video-preview:-1\" \/>\n<link rel=\"canonical\" href=\"https:\/\/apartamentoslafuensanta.es\/en\/servicios-cerca\/\" \/>\n<meta property=\"og:locale\" content=\"en_US\" \/>\n<meta property=\"og:type\" content=\"article\" \/>\n<meta property=\"og:title\" content=\"Near Services - Apartamentos La Fuensanta\" \/>\n<meta property=\"og:description\" content=\"[vc_row css=&#8221;.vc_custom_1744194711436{margin-top: 120px !important;}&#8221;][vc_column][vc_column_text] Here are some services you can find near our apartments. EL ARCANGEL Shopping Center, Avenida Del Arc\u00e1ngel S\/N: Website PROXI Supermarket, Avda. de Ntra. Sra. de la Fuensanta, 6: Website Parking Location: LocationDEZA Supermarket, C\/ Camino De La Barca, 1: Website\u00a0 EL SANTUARIO Pools and Sports Facilities, Calle Ntra. Sra. de [&hellip;]\" \/>\n<meta property=\"og:url\" content=\"https:\/\/apartamentoslafuensanta.es\/en\/servicios-cerca\/\" \/>\n<meta property=\"og:site_name\" content=\"Apartamentos La Fuensanta\" \/>\n<meta property=\"article:modified_time\" content=\"2025-05-07T08:54:03+00:00\" \/>\n<meta name=\"twitter:card\" content=\"summary_large_image\" \/>\n<meta name=\"twitter:label1\" content=\"Est. reading time\" \/>\n\t<meta name=\"twitter:data1\" content=\"2 minutes\" \/>\n<script type=\"application\/ld+json\" class=\"yoast-schema-graph\">{\"@context\":\"https:\/\/schema.org\",\"@graph\":[{\"@type\":\"WebPage\",\"@id\":\"https:\/\/apartamentoslafuensanta.es\/en\/servicios-cerca\/\",\"url\":\"https:\/\/apartamentoslafuensanta.es\/en\/servicios-cerca\/\",\"name\":\"Near Services - Apartamentos La Fuensanta\",\"isPartOf\":{\"@id\":\"https:\/\/apartamentoslafuensanta.es\/#website\"},\"datePublished\":\"2025-03-17T09:28:15+00:00\",\"dateModified\":\"2025-05-07T08:54:03+00:00\",\"breadcrumb\":{\"@id\":\"https:\/\/apartamentoslafuensanta.es\/en\/servicios-cerca\/#breadcrumb\"},\"inLanguage\":\"en-US\",\"potentialAction\":[{\"@type\":\"ReadAction\",\"target\":[\"https:\/\/apartamentoslafuensanta.es\/en\/servicios-cerca\/\"]}]},{\"@type\":\"BreadcrumbList\",\"@id\":\"https:\/\/apartamentoslafuensanta.es\/en\/servicios-cerca\/#breadcrumb\",\"itemListElement\":[{\"@type\":\"ListItem\",\"position\":1,\"name\":\"Portada\",\"item\":\"https:\/\/apartamentoslafuensanta.es\/en\/\"},{\"@type\":\"ListItem\",\"position\":2,\"name\":\"Near Services\"}]},{\"@type\":\"WebSite\",\"@id\":\"https:\/\/apartamentoslafuensanta.es\/#website\",\"url\":\"https:\/\/apartamentoslafuensanta.es\/\",\"name\":\"Apartamentos La Fuensanta\",\"description\":\"\",\"potentialAction\":[{\"@type\":\"SearchAction\",\"target\":{\"@type\":\"EntryPoint\",\"urlTemplate\":\"https:\/\/apartamentoslafuensanta.es\/?s={search_term_string}\"},\"query-input\":{\"@type\":\"PropertyValueSpecification\",\"valueRequired\":true,\"valueName\":\"search_term_string\"}}],\"inLanguage\":\"en-US\"}]}<\/script>\n<!-- \/ Yoast SEO plugin. -->","yoast_head_json":{"title":"Near Services - Apartamentos La Fuensanta","robots":{"index":"index","follow":"follow","max-snippet":"max-snippet:-1","max-image-preview":"max-image-preview:large","max-video-preview":"max-video-preview:-1"},"canonical":"https:\/\/apartamentoslafuensanta.es\/en\/servicios-cerca\/","og_locale":"en_US","og_type":"article","og_title":"Near Services - Apartamentos La Fuensanta","og_description":"[vc_row css=&#8221;.vc_custom_1744194711436{margin-top: 120px !important;}&#8221;][vc_column][vc_column_text] Here are some services you can find near our apartments. EL ARCANGEL Shopping Center, Avenida Del Arc\u00e1ngel S\/N: Website PROXI Supermarket, Avda. de Ntra. Sra. de la Fuensanta, 6: Website Parking Location: LocationDEZA Supermarket, C\/ Camino De La Barca, 1: Website\u00a0 EL SANTUARIO Pools and Sports Facilities, Calle Ntra. Sra. de [&hellip;]","og_url":"https:\/\/apartamentoslafuensanta.es\/en\/servicios-cerca\/","og_site_name":"Apartamentos La Fuensanta","article_modified_time":"2025-05-07T08:54:03+00:00","twitter_card":"summary_large_image","twitter_misc":{"Est. reading time":"2 minutes"},"schema":{"@context":"https:\/\/schema.org","@graph":[{"@type":"WebPage","@id":"https:\/\/apartamentoslafuensanta.es\/en\/servicios-cerca\/","url":"https:\/\/apartamentoslafuensanta.es\/en\/servicios-cerca\/","name":"Near Services - Apartamentos La Fuensanta","isPartOf":{"@id":"https:\/\/apartamentoslafuensanta.es\/#website"},"datePublished":"2025-03-17T09:28:15+00:00","dateModified":"2025-05-07T08:54:03+00:00","breadcrumb":{"@id":"https:\/\/apartamentoslafuensanta.es\/en\/servicios-cerca\/#breadcrumb"},"inLanguage":"en-US","potentialAction":[{"@type":"ReadAction","target":["https:\/\/apartamentoslafuensanta.es\/en\/servicios-cerca\/"]}]},{"@type":"BreadcrumbList","@id":"https:\/\/apartamentoslafuensanta.es\/en\/servicios-cerca\/#breadcrumb","itemListElement":[{"@type":"ListItem","position":1,"name":"Portada","item":"https:\/\/apartamentoslafuensanta.es\/en\/"},{"@type":"ListItem","position":2,"name":"Near Services"}]},{"@type":"WebSite","@id":"https:\/\/apartamentoslafuensanta.es\/#website","url":"https:\/\/apartamentoslafuensanta.es\/","name":"Apartamentos La Fuensanta","description":"","potentialAction":[{"@type":"SearchAction","target":{"@type":"EntryPoint","urlTemplate":"https:\/\/apartamentoslafuensanta.es\/?s={search_term_string}"},"query-input":{"@type":"PropertyValueSpecification","valueRequired":true,"valueName":"search_term_string"}}],"inLanguage":"en-US"}]}},"_links":{"self":[{"href":"https:\/\/apartamentoslafuensanta.es\/en\/wp-json\/wp\/v2\/pages\/930","targetHints":{"allow":["GET"]}}],"collection":[{"href":"https:\/\/apartamentoslafuensanta.es\/en\/wp-json\/wp\/v2\/pages"}],"about":[{"href":"https:\/\/apartamentoslafuensanta.es\/en\/wp-json\/wp\/v2\/types\/page"}],"author":[{"embeddable":true,"href":"https:\/\/apartamentoslafuensanta.es\/en\/wp-json\/wp\/v2\/users\/1"}],"replies":[{"embeddable":true,"href":"https:\/\/apartamentoslafuensanta.es\/en\/wp-json\/wp\/v2\/comments?post=930"}],"version-history":[{"count":4,"href":"https:\/\/apartamentoslafuensanta.es\/en\/wp-json\/wp\/v2\/pages\/930\/revisions"}],"predecessor-version":[{"id":1001,"href":"https:\/\/apartamentoslafuensanta.es\/en\/wp-json\/wp\/v2\/pages\/930\/revisions\/1001"}],"wp:attachment":[{"href":"https:\/\/apartamentoslafuensanta.es\/en\/wp-json\/wp\/v2\/media?parent=930"}],"curies":[{"name":"wp","href":"https:\/\/api.w.org\/{rel}","templated":true}]}}