
{"id":959,"date":"2023-09-19T09:49:37","date_gmt":"2023-09-19T07:49:37","guid":{"rendered":"https:\/\/apartamentoslafuensanta.es\/home\/"},"modified":"2025-05-07T12:21:46","modified_gmt":"2025-05-07T10:21:46","slug":"home","status":"publish","type":"page","link":"https:\/\/apartamentoslafuensanta.es\/fr\/","title":{"rendered":"Accueil"},"content":{"rendered":"<section class=\"wpb-content-wrapper\"><p>[vc_row full_width=\u00a0\u00bbstretch_row_content_no_spaces\u00a0\u00bb el_class=\u00a0\u00bb_visible\u00a0\u00bb][vc_column][apartments_hero_section background_image=\u00a0\u00bb549&Prime; title=\u00a0\u00bbAppartements touristiques \u00e0 Cordoue\u00a0\u00bb description=\u00a0\u00bbNous vous proposons deux appartements situ\u00e9s pr\u00e8s du centre de Cordoue. Vous y trouverez tout le confort n\u00e9cessaire pour profiter pleinement de votre s\u00e9jour.\u00a0\u00bb][\/vc_column][\/vc_row][vc_row full_width=\u00a0\u00bbstretch_row_content_no_spaces\u00a0\u00bb][vc_column el_class=\u00a0\u00bbboxHome\u00a0\u00bb][apartments_about_section title=\u00a0\u00bbVotre tranquillit\u00e9 est notre priorit\u00e9\u00a0\u00bb description=\u00a0\u00bbNous comprenons que trouver le bon appartement ne se r\u00e9sume pas \u00e0 quatre murs, il s\u2019agit de trouver un lieu qui corresponde \u00e0 votre style de vie, r\u00e9ponde \u00e0 vos besoins et vous fasse sentir comme chez vous.\u00a0\u00bb images=\u00a0\u00bb466,467,468&Prime;][apartments_about_section_item quantity=\u00a0\u00bb9.5&Prime; label=\u00a0\u00bbNote sur Booking\u00a0\u00bb][apartments_about_section_item quantity=\u00a0\u00bb5&Prime; label=\u00a0\u00bbNote sur Airbnb\u00a0\u00bb][\/apartments_about_section][\/vc_column][\/vc_row][vc_row full_width=\u00a0\u00bbstretch_row_content_no_spaces\u00a0\u00bb][vc_column][apartments_advantages_section title=\u00a0\u00bb\u00a0\u00bb padding_top=\u00a0\u00bb60&Prime; padding_bottom=\u00a0\u00bb110&Prime;][apartments_advantages_section_item image=\u00a0\u00bb604&Prime; title=\u00a0\u00bbSite officiel\u00a0\u00bb description=\u00a0\u00bbCeci est le site officiel des Appartements La Fuensanta. Vous y trouverez toutes les informations concernant nos appartements.\u00a0\u00bb][apartments_advantages_section_item image=\u00a0\u00bb602&Prime; title=\u00a0\u00bbPhotos r\u00e9elles\u00a0\u00bb description=\u00a0\u00bbToutes les images pr\u00e9sent\u00e9es sur ce site ont \u00e9t\u00e9 v\u00e9rifi\u00e9es par nos diff\u00e9rents clients.\u00a0\u00bb][apartments_advantages_section_item image=\u00a0\u00bb594&Prime; title=\u00a0\u00bbContact direct\u00a0\u00bb description=\u00a0\u00bbVous pouvez nous appeler au \u202a+34 629 066 015\u202c pour une assistance plus directe et rapide.\u00a0\u00bb][\/apartments_advantages_section][\/vc_column][\/vc_row][vc_row css=\u00a0\u00bb.vc_custom_1741685581269{margin-bottom: 40px !important;}\u00a0\u00bb][vc_column width=\u00a0\u00bb1\/2&Prime;][vc_raw_html]JTNDZGl2JTIwY2xhc3MlM0QlMjJvdmVybGF5JTIyJTNFJTBBJTNDaW1nJTIwc3JjJTNEJTIyaHR0cHMlM0ElMkYlMkZhcGFydGFtZW50b3NsYWZ1ZW5zYW50YS5lcyUyRndwLWNvbnRlbnQlMkZ1cGxvYWRzJTJGMjAyNSUyRjAzJTJGU0FMT04tQS5qcGclMjIlM0UlMEElM0NkaXYlMjBjbGFzcyUzRCUyMm92ZXJsYXlUZXh0JTIyJTNFJTBBJTNDaDMlM0VBcHBhcnRlbWVudCUyMEElM0MlMkZoMyUzRSUwQSUzQ2ElMjBocmVmJTNEJTIyaHR0cHMlM0ElMkYlMkZhcGFydGFtZW50b3NsYWZ1ZW5zYW50YS5lcyUyRmFwYXJ0bWVudHMlMkZhcHBhcnRlbWVudC1hJTJGJTIyJTNFUGx1cyUyMGQlMjdpbmZvcm1hdGlvbnMlM0MlMkZhJTNFJTBBJTNDJTJGZGl2JTNFJTBBJTNDJTJGZGl2JTNF[\/vc_raw_html][\/vc_column][vc_column width=\u00a0\u00bb1\/2&Prime;][vc_raw_html]JTNDZGl2JTIwY2xhc3MlM0QlMjJvdmVybGF5JTIyJTNFJTBBJTNDaW1nJTIwc3JjJTNEJTIyaHR0cHMlM0ElMkYlMkZhcGFydGFtZW50b3NsYWZ1ZW5zYW50YS5lcyUyRndwLWNvbnRlbnQlMkZ1cGxvYWRzJTJGMjAyNSUyRjAzJTJGR0VORVJBTC1CMi5qcGclMjIlM0UlMEElM0NkaXYlMjBjbGFzcyUzRCUyMm92ZXJsYXlUZXh0JTIyJTNFJTBBJTNDaDMlM0VBcHBhcnRlbWVudCUyMEIlM0MlMkZoMyUzRSUwQSUzQ2ElMjBocmVmJTNEJTIyaHR0cHMlM0ElMkYlMkZhcGFydGFtZW50b3NsYWZ1ZW5zYW50YS5lcyUyRmFwYXJ0bWVudHMlMkZhcHBhcnRlbWVudC1iJTJGJTIyJTNFUGx1cyUyMGQlMjdpbmZvcm1hdGlvbnMlM0MlMkZhJTNFJTBBJTNDJTJGZGl2JTNFJTBBJTNDJTJGZGl2JTNF[\/vc_raw_html][\/vc_column][\/vc_row][vc_row full_width=\u00a0\u00bbstretch_row\u00a0\u00bb css=\u00a0\u00bb.vc_custom_1741680786150{margin-bottom: -30px !important;background-color: #1abd9b !important;}\u00a0\u00bb][vc_column][vc_raw_html]JTNDZGl2JTIwc3R5bGUlM0QlMjJ0ZXh0LWFsaWduJTNBY2VudGVyJTNCJTIyJTNFJTBBJTNDaDIlMjBjbGFzcyUzRCUyMmFtX2Fib3V0X190aXRsZSUyMiUyMHN0eWxlJTNEJTIyY29sb3IlM0ElMjNmZmYlM0IlMjIlM0VRdWVzdGlvbnMlMjBmciVDMyVBOXF1ZW50ZXMlM0MlMkZoMiUzRSUwQSUzQ3NwYW4lMjBjbGFzcyUzRCUyMnBsdXNfX2xhYmVsJTIyJTIwc3R5bGUlM0QlMjJjb2xvciUzQSUyM2ZmZiUzQiUyMiUzRVZvaWNpJTIwcXVlbHF1ZXMlMjByJUMzJUE5cG9uc2VzJTIwYXV4JTIwcXVlc3Rpb25zJTIwcXVlJTIwdm91cyUyMHBvdXJyaWV6JTIwYXZvaXIlMjBjb25jZXJuYW50JTIwbm9zJTIwYXBwYXJ0ZW1lbnRzLiUzQyUyRnNwYW4lM0UlM0MlMkZkaXYlM0U=[\/vc_raw_html][\/vc_column][\/vc_row][vc_row full_width=\u00a0\u00bbstretch_row\u00a0\u00bb css=\u00a0\u00bb.vc_custom_1741681393224{margin-bottom: -40px !important;padding-bottom: 40px !important;background-color: #1abd9b !important;}\u00a0\u00bb][vc_column width=\u00a0\u00bb1\/2&Prime;][vc_toggle title=\u00a0\u00bbQuels sont les horaires d\u2019arriv\u00e9e et de d\u00e9part ?\u00a0\u00bb style=\u00a0\u00bbsimple\u00a0\u00bb color=\u00a0\u00bbwhite\u00a0\u00bb]L\u2019enregistrement est possible \u00e0 partir de 15h00 et le d\u00e9part jusqu\u2019\u00e0 13h00.[\/vc_toggle][vc_toggle title=\u00a0\u00bb\u00c0 quoi ressemblent nos appartements ?\u00a0\u00bb color=\u00a0\u00bbwhite\u00a0\u00bb]Nos appartements sont de type loft. Ce type de logement dispose de peu de cloisons, de grandes fen\u00eatres et offre beaucoup de luminosit\u00e9.[\/vc_toggle][vc_toggle title=\u00a0\u00bbQuel \u00e9quipement trouverez-vous dans nos appartements ?\u00a0\u00bb color=\u00a0\u00bbwhite\u00a0\u00bb]Draps, serviettes, s\u00e8che-cheveux, couverts, vaisselle, casseroles, po\u00eales, cafeti\u00e8re, grille-pain, appareil \u00e0 croque-monsieur, plancha, presse-agrumes, four \u00e0 pizza, micro-ondes, fer \u00e0 repasser, table \u00e0 repasser, climatisation, WIFI.[\/vc_toggle][vc_toggle title=\u00a0\u00bb\u00c0 quelle distance se trouvent-ils du centre de Cordoue ?\u00a0\u00bb color=\u00a0\u00bbwhite\u00a0\u00bb]Les Appartements La Fuensanta sont situ\u00e9s \u00e0 environ 800 m\u00e8tres du centre de Cordoue.[\/vc_toggle][\/vc_column][vc_column width=\u00a0\u00bb1\/2&Prime;][vc_toggle title=\u00a0\u00bbCombien de personnes peuvent y dormir ?\u00a0\u00bb style=\u00a0\u00bbsimple\u00a0\u00bb color=\u00a0\u00bbwhite\u00a0\u00bb]Nos appartements peuvent accueillir 4 personnes. Ils disposent d\u2019un lit double et d\u2019un canap\u00e9-lit double tr\u00e8s confortable.[\/vc_toggle][vc_toggle title=\u00a0\u00bbCombien co\u00fbte un s\u00e9jour ?\u00a0\u00bb style=\u00a0\u00bbsimple\u00a0\u00bb color=\u00a0\u00bbwhite\u00a0\u00bb]<span style=\"font-weight: 400;\">\u00a0Nos tarifs varient selon la saison et la dur\u00e9e du s\u00e9jour. Pour un devis personnalis\u00e9, veuillez nous contacter au <a href=\"tel:+34629066015\">+34 629 06 60 15<\/a>.<\/span>[\/vc_toggle][vc_toggle title=\u00a0\u00bbPuis-je emmener mon animal de compagnie ?\u00a0\u00bb style=\u00a0\u00bbsimple\u00a0\u00bb color=\u00a0\u00bbwhite\u00a0\u00bb]Les animaux de compagnie ne sont pas admis dans les Appartements La Fuensanta.[\/vc_toggle][vc_toggle title=\u00a0\u00bbO\u00f9 puis-je me garer ?\u00a0\u00bb style=\u00a0\u00bbsimple\u00a0\u00bb color=\u00a0\u00bbwhite\u00a0\u00bb]Nous vous recommandons de venir en voiture. Si vous trouvez une place \u00e0 proximit\u00e9, garez-vous imm\u00e9diatement. Sinon, comme les appartements sont situ\u00e9s dans une rue parall\u00e8le \u00e0 la rue principale, vous pouvez vous garer en double file quelques minutes pour d\u00e9poser vos bagages, puis vous rendre au parking public et gratuit situ\u00e9 \u00e0 4 minutes.<\/p>\n<p><a href=\"https:\/\/maps.app.goo.gl\/3wEsa5gC1M8oft4R7\">Voir l\u2019emplacement<\/a>[\/vc_toggle][\/vc_column][\/vc_row][vc_row full_width=\u00a0\u00bbstretch_row_content_no_spaces\u00a0\u00bb css=\u00a0\u00bb.vc_custom_1741681421971{margin-bottom: -40px !important;}\u00a0\u00bb][vc_column][vc_wp_text]<iframe loading=\"lazy\" src=\"https:\/\/www.google.com\/maps\/embed?pb=!1m18!1m12!1m3!1d6298.273116785982!2d-4.768019323559001!3d37.88048900606247!2m3!1f0!2f0!3f0!3m2!1i1024!2i768!4f13.1!3m3!1m2!1s0xd6d207f16f78f0f%3A0x1fe76b7002381f2b!2sC.%20Pelagio%2C%2021%2C%20Sureste%2C%2014010%20C%C3%B3rdoba!5e0!3m2!1ses!2ses!4v1744104771512!5m2!1ses!2ses\" width=\"100%\" height=\"550px\" allowfullscreen=\"allowfullscreen\"><span data-mce-type=\"bookmark\" style=\"display: inline-block; width: 0px; overflow: hidden; line-height: 0;\" class=\"mce_SELRES_start\">\ufeff<\/span><\/iframe>[\/vc_wp_text][\/vc_column][\/vc_row][vc_row full_width=\u00a0\u00bbstretch_row_content_no_spaces\u00a0\u00bb][vc_column][apartments_reviews_section title=\u00a0\u00bbAvis\u00a0\u00bb][apartments_reviews_section_item name=\u00a0\u00bbAlina\u00a0\u00bb rating=\u00a0\u00bb4&Prime; review=\u00a0\u00bbMuy bien equipado, limp\u00edsimo y c\u00f3modo.\u00a0\u00bb][apartments_reviews_section_item name=\u00a0\u00bbHeriberto\u00a0\u00bb rating=\u00a0\u00bb9&Prime; review=\u00a0\u00bbBastante moderno, limpio, la cama muy c\u00f3moda y buena ubicaci\u00f3n para los planes que ten\u00edamos. El personal atento.\u00a0\u00bb][apartments_reviews_section_item name=\u00a0\u00bbRaul\u00a0\u00bb rating=\u00a0\u00bb10&Prime; review=\u00a0\u00bbMuy c\u00f3modo y limpio.\u00a0\u00bb][apartments_reviews_section_item name=\u00a0\u00bbMarquez\u00a0\u00bb rating=\u00a0\u00bb10&Prime; review=\u00a0\u00bbLa situaci\u00f3n , la limpieza y todo muy nuevo.\u00a0\u00bb][apartments_reviews_section_item name=\u00a0\u00bbMar\u00eda\u00a0\u00bb rating=\u00a0\u00bb10&Prime; review=\u00a0\u00bbApartamento amplio, limpio y nuevo. Muy buena ubicaci\u00f3n y atenci\u00f3n de Jose. Repetiremos!! Muchas gracias!\u00a0\u00bb][apartments_reviews_section_item name=\u00a0\u00bbMauricio\u00a0\u00bb rating=\u00a0\u00bb8&Prime; review=\u00a0\u00bbLa atenci\u00f3n del anfitri\u00f3n fue espectacular. Respondi\u00f3 r\u00e1pido nuestros mensajes e incluso vino al departamento cuando lo precisamos. Llegamos y encontramos sal, caf\u00e9, aceite, az\u00facar.\u00a0\u00bb][\/apartments_reviews_section][\/vc_column][\/vc_row]<\/p>\n<\/section>","protected":false},"excerpt":{"rendered":"<p>[vc_row full_width=\u00a0\u00bbstretch_row_content_no_spaces\u00a0\u00bb el_class=\u00a0\u00bb_visible\u00a0\u00bb][vc_column][apartments_hero_section background_image=\u00a0\u00bb549&Prime; title=\u00a0\u00bbAppartements touristiques \u00e0 Cordoue\u00a0\u00bb description=\u00a0\u00bbNous vous proposons deux appartements situ\u00e9s pr\u00e8s du centre de Cordoue. Vous y trouverez tout le confort n\u00e9cessaire pour profiter pleinement de votre s\u00e9jour.\u00a0\u00bb][\/vc_column][\/vc_row][vc_row full_width=\u00a0\u00bbstretch_row_content_no_spaces\u00a0\u00bb][vc_column el_class=\u00a0\u00bbboxHome\u00a0\u00bb][apartments_about_section title=\u00a0\u00bbVotre tranquillit\u00e9 est notre priorit\u00e9\u00a0\u00bb description=\u00a0\u00bbNous comprenons que trouver le bon appartement ne se r\u00e9sume pas \u00e0 quatre murs, il s\u2019agit [&hellip;]<\/p>\n","protected":false},"author":1,"featured_media":0,"parent":0,"menu_order":0,"comment_status":"closed","ping_status":"closed","template":"template-home.php","meta":{"footnotes":""},"class_list":["post-959","page","type-page","status-publish","hentry"],"yoast_head":"<!-- This site is optimized with the Yoast SEO plugin v24.7 - https:\/\/yoast.com\/wordpress\/plugins\/seo\/ -->\n<title>Apartamentos tur\u00edsticos en C\u00f3rdoba | Apartamentos La Fuensanta<\/title>\n<meta name=\"description\" content=\"Te ofrecemos dos apartamentos junto al centro de C\u00f3rdoba. Podr\u00e1s encontrar todas las comodidades para disfrutar de tu estancia.\" \/>\n<meta name=\"robots\" content=\"index, follow, max-snippet:-1, max-image-preview:large, max-video-preview:-1\" \/>\n<link rel=\"canonical\" href=\"https:\/\/apartamentoslafuensanta.es\/fr\/\" \/>\n<meta property=\"og:locale\" content=\"fr_FR\" \/>\n<meta property=\"og:type\" content=\"article\" \/>\n<meta property=\"og:title\" content=\"Apartamentos tur\u00edsticos en C\u00f3rdoba | Apartamentos La Fuensanta\" \/>\n<meta property=\"og:description\" content=\"Te ofrecemos dos apartamentos junto al centro de C\u00f3rdoba. Podr\u00e1s encontrar todas las comodidades para disfrutar de tu estancia.\" \/>\n<meta property=\"og:url\" content=\"https:\/\/apartamentoslafuensanta.es\/fr\/\" \/>\n<meta property=\"og:site_name\" content=\"Apartamentos La Fuensanta\" \/>\n<meta property=\"article:modified_time\" content=\"2025-05-07T10:21:46+00:00\" \/>\n<meta name=\"twitter:card\" content=\"summary_large_image\" \/>\n<meta name=\"twitter:label1\" content=\"Dur\u00e9e de lecture estim\u00e9e\" \/>\n\t<meta name=\"twitter:data1\" content=\"4 minutes\" \/>\n<script type=\"application\/ld+json\" class=\"yoast-schema-graph\">{\"@context\":\"https:\/\/schema.org\",\"@graph\":[{\"@type\":\"WebPage\",\"@id\":\"https:\/\/apartamentoslafuensanta.es\/fr\/\",\"url\":\"https:\/\/apartamentoslafuensanta.es\/fr\/\",\"name\":\"Apartamentos tur\u00edsticos en C\u00f3rdoba | Apartamentos La Fuensanta\",\"isPartOf\":{\"@id\":\"https:\/\/apartamentoslafuensanta.es\/#website\"},\"datePublished\":\"2023-09-19T07:49:37+00:00\",\"dateModified\":\"2025-05-07T10:21:46+00:00\",\"description\":\"Te ofrecemos dos apartamentos junto al centro de C\u00f3rdoba. Podr\u00e1s encontrar todas las comodidades para disfrutar de tu estancia.\",\"breadcrumb\":{\"@id\":\"https:\/\/apartamentoslafuensanta.es\/fr\/#breadcrumb\"},\"inLanguage\":\"fr-FR\",\"potentialAction\":[{\"@type\":\"ReadAction\",\"target\":[\"https:\/\/apartamentoslafuensanta.es\/fr\/\"]}]},{\"@type\":\"BreadcrumbList\",\"@id\":\"https:\/\/apartamentoslafuensanta.es\/fr\/#breadcrumb\",\"itemListElement\":[{\"@type\":\"ListItem\",\"position\":1,\"name\":\"Portada\",\"item\":\"https:\/\/apartamentoslafuensanta.es\/fr\/\"},{\"@type\":\"ListItem\",\"position\":2,\"name\":\"Accueil\"}]},{\"@type\":\"WebSite\",\"@id\":\"https:\/\/apartamentoslafuensanta.es\/#website\",\"url\":\"https:\/\/apartamentoslafuensanta.es\/\",\"name\":\"Apartamentos La Fuensanta\",\"description\":\"\",\"potentialAction\":[{\"@type\":\"SearchAction\",\"target\":{\"@type\":\"EntryPoint\",\"urlTemplate\":\"https:\/\/apartamentoslafuensanta.es\/?s={search_term_string}\"},\"query-input\":{\"@type\":\"PropertyValueSpecification\",\"valueRequired\":true,\"valueName\":\"search_term_string\"}}],\"inLanguage\":\"fr-FR\"}]}<\/script>\n<!-- \/ Yoast SEO plugin. -->","yoast_head_json":{"title":"Apartamentos tur\u00edsticos en C\u00f3rdoba | Apartamentos La Fuensanta","description":"Te ofrecemos dos apartamentos junto al centro de C\u00f3rdoba. Podr\u00e1s encontrar todas las comodidades para disfrutar de tu estancia.","robots":{"index":"index","follow":"follow","max-snippet":"max-snippet:-1","max-image-preview":"max-image-preview:large","max-video-preview":"max-video-preview:-1"},"canonical":"https:\/\/apartamentoslafuensanta.es\/fr\/","og_locale":"fr_FR","og_type":"article","og_title":"Apartamentos tur\u00edsticos en C\u00f3rdoba | Apartamentos La Fuensanta","og_description":"Te ofrecemos dos apartamentos junto al centro de C\u00f3rdoba. Podr\u00e1s encontrar todas las comodidades para disfrutar de tu estancia.","og_url":"https:\/\/apartamentoslafuensanta.es\/fr\/","og_site_name":"Apartamentos La Fuensanta","article_modified_time":"2025-05-07T10:21:46+00:00","twitter_card":"summary_large_image","twitter_misc":{"Dur\u00e9e de lecture estim\u00e9e":"4 minutes"},"schema":{"@context":"https:\/\/schema.org","@graph":[{"@type":"WebPage","@id":"https:\/\/apartamentoslafuensanta.es\/fr\/","url":"https:\/\/apartamentoslafuensanta.es\/fr\/","name":"Apartamentos tur\u00edsticos en C\u00f3rdoba | Apartamentos La Fuensanta","isPartOf":{"@id":"https:\/\/apartamentoslafuensanta.es\/#website"},"datePublished":"2023-09-19T07:49:37+00:00","dateModified":"2025-05-07T10:21:46+00:00","description":"Te ofrecemos dos apartamentos junto al centro de C\u00f3rdoba. Podr\u00e1s encontrar todas las comodidades para disfrutar de tu estancia.","breadcrumb":{"@id":"https:\/\/apartamentoslafuensanta.es\/fr\/#breadcrumb"},"inLanguage":"fr-FR","potentialAction":[{"@type":"ReadAction","target":["https:\/\/apartamentoslafuensanta.es\/fr\/"]}]},{"@type":"BreadcrumbList","@id":"https:\/\/apartamentoslafuensanta.es\/fr\/#breadcrumb","itemListElement":[{"@type":"ListItem","position":1,"name":"Portada","item":"https:\/\/apartamentoslafuensanta.es\/fr\/"},{"@type":"ListItem","position":2,"name":"Accueil"}]},{"@type":"WebSite","@id":"https:\/\/apartamentoslafuensanta.es\/#website","url":"https:\/\/apartamentoslafuensanta.es\/","name":"Apartamentos La Fuensanta","description":"","potentialAction":[{"@type":"SearchAction","target":{"@type":"EntryPoint","urlTemplate":"https:\/\/apartamentoslafuensanta.es\/?s={search_term_string}"},"query-input":{"@type":"PropertyValueSpecification","valueRequired":true,"valueName":"search_term_string"}}],"inLanguage":"fr-FR"}]}},"_links":{"self":[{"href":"https:\/\/apartamentoslafuensanta.es\/fr\/wp-json\/wp\/v2\/pages\/959","targetHints":{"allow":["GET"]}}],"collection":[{"href":"https:\/\/apartamentoslafuensanta.es\/fr\/wp-json\/wp\/v2\/pages"}],"about":[{"href":"https:\/\/apartamentoslafuensanta.es\/fr\/wp-json\/wp\/v2\/types\/page"}],"author":[{"embeddable":true,"href":"https:\/\/apartamentoslafuensanta.es\/fr\/wp-json\/wp\/v2\/users\/1"}],"replies":[{"embeddable":true,"href":"https:\/\/apartamentoslafuensanta.es\/fr\/wp-json\/wp\/v2\/comments?post=959"}],"version-history":[{"count":5,"href":"https:\/\/apartamentoslafuensanta.es\/fr\/wp-json\/wp\/v2\/pages\/959\/revisions"}],"predecessor-version":[{"id":1015,"href":"https:\/\/apartamentoslafuensanta.es\/fr\/wp-json\/wp\/v2\/pages\/959\/revisions\/1015"}],"wp:attachment":[{"href":"https:\/\/apartamentoslafuensanta.es\/fr\/wp-json\/wp\/v2\/media?parent=959"}],"curies":[{"name":"wp","href":"https:\/\/api.w.org\/{rel}","templated":true}]}}