
{"id":965,"date":"2025-03-17T10:28:15","date_gmt":"2025-03-17T09:28:15","guid":{"rendered":"https:\/\/apartamentoslafuensanta.es\/servicios-cerca\/"},"modified":"2025-05-07T12:20:02","modified_gmt":"2025-05-07T10:20:02","slug":"servicios-cerca","status":"publish","type":"page","link":"https:\/\/apartamentoslafuensanta.es\/fr\/servicios-cerca\/","title":{"rendered":"Services \u00e0 proximit\u00e9"},"content":{"rendered":"<section class=\"wpb-content-wrapper\"><p>[vc_row css=\u00a0\u00bb.vc_custom_1744194711436{margin-top: 120px !important;}\u00a0\u00bb][vc_column][vc_column_text]<\/p>\n<p style=\"text-align: center; margin-bottom: 40px;\">Voici quelques services \u00e0 proximit\u00e9 de nos appartements :<\/p>\n<p><span class=\"servicios\">Centre commercial EL ARCANGEL, Avenida Del Arc\u00e1ngel S\/N:<br \/>\n<a href=\"https:\/\/www.ccelarcangel.com\/\">Voir le site <\/a><\/span><span class=\"servicios\">Supermarch\u00e9 PROXI, Avda. de Ntra. Sra. de la Fuensanta, 6:<br \/>\n<a href=\"https:\/\/tiendasproxi.com\/nuestras-tiendas\/\">Voir le site <\/a><\/span><br \/>\n<span class=\"servicios\">Emplacement du parking :<br \/>\n<a href=\"https:\/\/maps.app.goo.gl\/FVL15HnUhwkMQarB8\">Voir l\u2019emplacement<\/a><\/span><span class=\"servicios\">Supermarch\u00e9 DEZA<strong>,<\/strong> C\/ Camino De La Barca, 1: <a href=\"https:\/\/www.dezacalidad.es\/centros\/camino-de-la-barca\/\">Voir le site<\/a>\u00a0<\/span><br \/>\n<span class=\"servicios\">Piscines et installations sportives EL SANTUARIO, Calle Ntra. Sra. de Bel\u00e9n S\/N:<br \/>\n<a href=\"https:\/\/solypro.es\/\">Voir le site <\/a><\/span><span class=\"servicios\">Sanctuaire NTRA. SRA. DE LA FUENSANTA, Plaza Santuario De La Fuensanta S\/N:<br \/>\n<a href=\"https:\/\/www.artencordoba.com\/santuario-fuensanta-cordoba\/\">Voir le site<\/a><br \/>\n<\/span><br \/>\n<span class=\"servicios\">Bar Comidas JUANMA, C\/ Camino De La Barca 2: <a href=\"https:\/\/maps.app.goo.gl\/uEU1QfXYCRVXoqsz9\">Voir l\u2019emplacement<\/a><\/span><span class=\"servicios\">Bar petit-d\u00e9jeuner Tapas et repas TANTA GLORIA, C\/ Pablo Neruda 17:<br \/>\n<a href=\"https:\/\/maps.app.goo.gl\/w3u2nXQx4hwBJTZ27\">Voir l\u2019emplacement<\/a><\/span><br \/>\n<span class=\"servicios\">Bar petit-d\u00e9jeuner Tapas et repas TABERNA LA ABUELA, Plaza Santuario De La Fuensanta S\/N:<br \/>\n<a href=\"https:\/\/maps.app.goo.gl\/ft5G29HJYkxhmuVa8\">Voir l\u2019emplacement<\/a><\/span><span class=\"servicios\"> Boulangerie et p\u00e2tisserie artisanale RIO GRANDE, C\/ Pelagio, 19 LA Boulangerie LA COSECHA, C\/Venerable Juan De Santiago, 4:<br \/>\n<a href=\"https:\/\/riograndepasteleria.es\/\">Voir le site<\/a><\/span><br \/>\n<span class=\"servicios\">R\u00f4tisserie de poulet Speed,<br \/>\nC. Periodista Francisco Hidalgo Trillo, 4, Sureste, 14010 C\u00f3rdoba<br \/>\n<a href=\"https:\/\/maps.app.goo.gl\/FzjuTybQ63rbPAKw9\">Voir l\u2019emplacement<\/a><\/span><span class=\"servicios\">Farmacia El Arenal (Farmacia Bonilla Navarro),<br \/>\nC. Periodista Jos\u00e9 Luis de C\u00f3rdoba, 1, Local 3, Sureste, 14010 C\u00f3rdoba<br \/>\n<a href=\"https:\/\/maps.app.goo.gl\/u3C7HCUmkaZme3r76\">Voir l\u2019emplacement<\/a><\/span><br \/>\n<span class=\"servicios\">BBVA,<br \/>\nC. Periodista Eduardo Baro, Sureste, 14010 C\u00f3rdoba<br \/>\n<a href=\"https:\/\/maps.app.goo.gl\/eb9ECDenVwpnfH2M7\">Voir l\u2019emplacement<\/a><\/span><span class=\"servicios\">Cajasur,<br \/>\nC. Cta. de la P\u00f3lvora, 22, Sureste, 14010 C\u00f3rdoba<br \/>\n<a href=\"https:\/\/maps.app.goo.gl\/GaKbj1SkWmWznwBW8\">Voir l\u2019emplacement<\/a><\/span><br \/>\n<span class=\"servicios\">CaixaBank Store,<br \/>\nC. Cta. de la P\u00f3lvora, 18, Sureste, 14010 C\u00f3rdoba<br \/>\n<a href=\"https:\/\/maps.app.goo.gl\/tpaez2gSnwxe8fHq9\">Voir l\u2019emplacement<\/a><\/span><span class=\"servicios\">Oficina Caja Rural del Sur,<br \/>\nC. Periodista Eduardo Baro, 11, Sureste, 14010 C\u00f3rdoba<br \/>\n<a href=\"https:\/\/maps.app.goo.gl\/aF4sQRG2jzCssx3s5\">Voir l\u2019emplacement<\/a><\/span><br \/>\n<span class=\"servicios\">la cosecha,<br \/>\nC. Venerable Juan de Santiago, Sureste, 14010 C\u00f3rdoba<br \/>\n<a href=\"https:\/\/maps.app.goo.gl\/Kpc1ktB6K3WKxQmRA\">Voir l\u2019emplacement <\/a><\/span><span class=\"servicios\">Hair\u00b4s Fany,<br \/>\nC. Conquistador Ordo\u00f1o \u00c1lvarez, 5, Sureste, 14010 C\u00f3rdoba<br \/>\n<a href=\"https:\/\/maps.app.goo.gl\/jauWyKojWq9qk7Qf9\">Voir l\u2019emplacement<\/a><\/span>[\/vc_column_text][\/vc_column][\/vc_row]<\/p>\n<\/section>","protected":false},"excerpt":{"rendered":"<p>[vc_row css=\u00a0\u00bb.vc_custom_1744194711436{margin-top: 120px !important;}\u00a0\u00bb][vc_column][vc_column_text] Voici quelques services \u00e0 proximit\u00e9 de nos appartements : Centre commercial EL ARCANGEL, Avenida Del Arc\u00e1ngel S\/N: Voir le site Supermarch\u00e9 PROXI, Avda. de Ntra. Sra. de la Fuensanta, 6: Voir le site Emplacement du parking : Voir l\u2019emplacementSupermarch\u00e9 DEZA, C\/ Camino De La Barca, 1: Voir le site\u00a0 Piscines et [&hellip;]<\/p>\n","protected":false},"author":1,"featured_media":0,"parent":0,"menu_order":0,"comment_status":"closed","ping_status":"closed","template":"","meta":{"footnotes":""},"class_list":["post-965","page","type-page","status-publish","hentry"],"yoast_head":"<!-- This site is optimized with the Yoast SEO plugin v24.7 - https:\/\/yoast.com\/wordpress\/plugins\/seo\/ -->\n<title>Services \u00e0 proximit\u00e9 - Apartamentos La Fuensanta<\/title>\n<meta name=\"robots\" content=\"index, follow, max-snippet:-1, max-image-preview:large, max-video-preview:-1\" \/>\n<link rel=\"canonical\" href=\"https:\/\/apartamentoslafuensanta.es\/fr\/servicios-cerca\/\" \/>\n<meta property=\"og:locale\" content=\"fr_FR\" \/>\n<meta property=\"og:type\" content=\"article\" \/>\n<meta property=\"og:title\" content=\"Services \u00e0 proximit\u00e9 - Apartamentos La Fuensanta\" \/>\n<meta property=\"og:description\" content=\"[vc_row css=\u00a0\u00bb.vc_custom_1744194711436{margin-top: 120px !important;}\u00a0\u00bb][vc_column][vc_column_text] Voici quelques services \u00e0 proximit\u00e9 de nos appartements : Centre commercial EL ARCANGEL, Avenida Del Arc\u00e1ngel S\/N: Voir le site Supermarch\u00e9 PROXI, Avda. de Ntra. Sra. de la Fuensanta, 6: Voir le site Emplacement du parking : Voir l\u2019emplacementSupermarch\u00e9 DEZA, C\/ Camino De La Barca, 1: Voir le site\u00a0 Piscines et [&hellip;]\" \/>\n<meta property=\"og:url\" content=\"https:\/\/apartamentoslafuensanta.es\/fr\/servicios-cerca\/\" \/>\n<meta property=\"og:site_name\" content=\"Apartamentos La Fuensanta\" \/>\n<meta property=\"article:modified_time\" content=\"2025-05-07T10:20:02+00:00\" \/>\n<meta name=\"twitter:card\" content=\"summary_large_image\" \/>\n<meta name=\"twitter:label1\" content=\"Dur\u00e9e de lecture estim\u00e9e\" \/>\n\t<meta name=\"twitter:data1\" content=\"2 minutes\" \/>\n<script type=\"application\/ld+json\" class=\"yoast-schema-graph\">{\"@context\":\"https:\/\/schema.org\",\"@graph\":[{\"@type\":\"WebPage\",\"@id\":\"https:\/\/apartamentoslafuensanta.es\/fr\/servicios-cerca\/\",\"url\":\"https:\/\/apartamentoslafuensanta.es\/fr\/servicios-cerca\/\",\"name\":\"Services \u00e0 proximit\u00e9 - Apartamentos La Fuensanta\",\"isPartOf\":{\"@id\":\"https:\/\/apartamentoslafuensanta.es\/#website\"},\"datePublished\":\"2025-03-17T09:28:15+00:00\",\"dateModified\":\"2025-05-07T10:20:02+00:00\",\"breadcrumb\":{\"@id\":\"https:\/\/apartamentoslafuensanta.es\/fr\/servicios-cerca\/#breadcrumb\"},\"inLanguage\":\"fr-FR\",\"potentialAction\":[{\"@type\":\"ReadAction\",\"target\":[\"https:\/\/apartamentoslafuensanta.es\/fr\/servicios-cerca\/\"]}]},{\"@type\":\"BreadcrumbList\",\"@id\":\"https:\/\/apartamentoslafuensanta.es\/fr\/servicios-cerca\/#breadcrumb\",\"itemListElement\":[{\"@type\":\"ListItem\",\"position\":1,\"name\":\"Portada\",\"item\":\"https:\/\/apartamentoslafuensanta.es\/fr\/\"},{\"@type\":\"ListItem\",\"position\":2,\"name\":\"Services \u00e0 proximit\u00e9\"}]},{\"@type\":\"WebSite\",\"@id\":\"https:\/\/apartamentoslafuensanta.es\/#website\",\"url\":\"https:\/\/apartamentoslafuensanta.es\/\",\"name\":\"Apartamentos La Fuensanta\",\"description\":\"\",\"potentialAction\":[{\"@type\":\"SearchAction\",\"target\":{\"@type\":\"EntryPoint\",\"urlTemplate\":\"https:\/\/apartamentoslafuensanta.es\/?s={search_term_string}\"},\"query-input\":{\"@type\":\"PropertyValueSpecification\",\"valueRequired\":true,\"valueName\":\"search_term_string\"}}],\"inLanguage\":\"fr-FR\"}]}<\/script>\n<!-- \/ Yoast SEO plugin. -->","yoast_head_json":{"title":"Services \u00e0 proximit\u00e9 - Apartamentos La Fuensanta","robots":{"index":"index","follow":"follow","max-snippet":"max-snippet:-1","max-image-preview":"max-image-preview:large","max-video-preview":"max-video-preview:-1"},"canonical":"https:\/\/apartamentoslafuensanta.es\/fr\/servicios-cerca\/","og_locale":"fr_FR","og_type":"article","og_title":"Services \u00e0 proximit\u00e9 - Apartamentos La Fuensanta","og_description":"[vc_row css=\u00a0\u00bb.vc_custom_1744194711436{margin-top: 120px !important;}\u00a0\u00bb][vc_column][vc_column_text] Voici quelques services \u00e0 proximit\u00e9 de nos appartements : Centre commercial EL ARCANGEL, Avenida Del Arc\u00e1ngel S\/N: Voir le site Supermarch\u00e9 PROXI, Avda. de Ntra. Sra. de la Fuensanta, 6: Voir le site Emplacement du parking : Voir l\u2019emplacementSupermarch\u00e9 DEZA, C\/ Camino De La Barca, 1: Voir le site\u00a0 Piscines et [&hellip;]","og_url":"https:\/\/apartamentoslafuensanta.es\/fr\/servicios-cerca\/","og_site_name":"Apartamentos La Fuensanta","article_modified_time":"2025-05-07T10:20:02+00:00","twitter_card":"summary_large_image","twitter_misc":{"Dur\u00e9e de lecture estim\u00e9e":"2 minutes"},"schema":{"@context":"https:\/\/schema.org","@graph":[{"@type":"WebPage","@id":"https:\/\/apartamentoslafuensanta.es\/fr\/servicios-cerca\/","url":"https:\/\/apartamentoslafuensanta.es\/fr\/servicios-cerca\/","name":"Services \u00e0 proximit\u00e9 - Apartamentos La Fuensanta","isPartOf":{"@id":"https:\/\/apartamentoslafuensanta.es\/#website"},"datePublished":"2025-03-17T09:28:15+00:00","dateModified":"2025-05-07T10:20:02+00:00","breadcrumb":{"@id":"https:\/\/apartamentoslafuensanta.es\/fr\/servicios-cerca\/#breadcrumb"},"inLanguage":"fr-FR","potentialAction":[{"@type":"ReadAction","target":["https:\/\/apartamentoslafuensanta.es\/fr\/servicios-cerca\/"]}]},{"@type":"BreadcrumbList","@id":"https:\/\/apartamentoslafuensanta.es\/fr\/servicios-cerca\/#breadcrumb","itemListElement":[{"@type":"ListItem","position":1,"name":"Portada","item":"https:\/\/apartamentoslafuensanta.es\/fr\/"},{"@type":"ListItem","position":2,"name":"Services \u00e0 proximit\u00e9"}]},{"@type":"WebSite","@id":"https:\/\/apartamentoslafuensanta.es\/#website","url":"https:\/\/apartamentoslafuensanta.es\/","name":"Apartamentos La Fuensanta","description":"","potentialAction":[{"@type":"SearchAction","target":{"@type":"EntryPoint","urlTemplate":"https:\/\/apartamentoslafuensanta.es\/?s={search_term_string}"},"query-input":{"@type":"PropertyValueSpecification","valueRequired":true,"valueName":"search_term_string"}}],"inLanguage":"fr-FR"}]}},"_links":{"self":[{"href":"https:\/\/apartamentoslafuensanta.es\/fr\/wp-json\/wp\/v2\/pages\/965","targetHints":{"allow":["GET"]}}],"collection":[{"href":"https:\/\/apartamentoslafuensanta.es\/fr\/wp-json\/wp\/v2\/pages"}],"about":[{"href":"https:\/\/apartamentoslafuensanta.es\/fr\/wp-json\/wp\/v2\/types\/page"}],"author":[{"embeddable":true,"href":"https:\/\/apartamentoslafuensanta.es\/fr\/wp-json\/wp\/v2\/users\/1"}],"replies":[{"embeddable":true,"href":"https:\/\/apartamentoslafuensanta.es\/fr\/wp-json\/wp\/v2\/comments?post=965"}],"version-history":[{"count":4,"href":"https:\/\/apartamentoslafuensanta.es\/fr\/wp-json\/wp\/v2\/pages\/965\/revisions"}],"predecessor-version":[{"id":1014,"href":"https:\/\/apartamentoslafuensanta.es\/fr\/wp-json\/wp\/v2\/pages\/965\/revisions\/1014"}],"wp:attachment":[{"href":"https:\/\/apartamentoslafuensanta.es\/fr\/wp-json\/wp\/v2\/media?parent=965"}],"curies":[{"name":"wp","href":"https:\/\/api.w.org\/{rel}","templated":true}]}}