
{"id":988,"date":"2025-04-09T11:33:00","date_gmt":"2025-04-09T09:33:00","guid":{"rendered":"https:\/\/apartamentoslafuensanta.es\/pourquoi-nous-choisir\/"},"modified":"2025-05-07T09:38:28","modified_gmt":"2025-05-07T07:38:28","slug":"pourquoi-nous-choisir","status":"publish","type":"page","link":"https:\/\/apartamentoslafuensanta.es\/fr\/pourquoi-nous-choisir\/","title":{"rendered":"Pourquoi nous choisir ?"},"content":{"rendered":"<section class=\"wpb-content-wrapper\"><p>[vc_row full_width=\u00a0\u00bbstretch_row_content\u00a0\u00bb css=\u00a0\u00bb.vc_custom_1744194731380{margin-top: 120px !important;}\u00a0\u00bb][vc_column][vc_column_text]<img decoding=\"async\" class=\"wp-image-716 aligncenter\" style=\"margin-bottom: 60px;\" src=\"https:\/\/apartamentoslafuensanta.es\/wp-content\/uploads\/2025\/04\/apartamentos_fuensanta-2.jpg\" alt=\"\" width=\"100%\" height=\"530\"><\/p>\n<h1 style=\"text-align: center; font-family: 'Roboto', sans-serif;\"><span style=\"color: #1abd9b;\"><strong>APPARTEMENTS LA FUENSANTA<\/strong><\/span><\/h1>\n<p style=\"text-align: center; margin-bottom: 30px;\">Situ\u00e9s \u00e0 un emplacement strat\u00e9gique, vous pourrez acc\u00e9der \u00e0 pied \u00e0 tous les sites touristiques ainsi qu\u2019au centre-ville.[\/vc_column_text][vc_separator][\/vc_column][\/vc_row][vc_row][vc_column][vc_widget_sidebar][\/vc_column][\/vc_row][vc_row][vc_column][vc_raw_html]PGRpdiBzdHlsZT0iZGlzcGxheTogZmxleDsganVzdGlmeS1jb250ZW50OiBzcGFjZS1iZXR3ZWVuOyI+CiAgICA8ZGl2IHN0eWxlPSJmbGV4OiAxOyBwYWRkaW5nLXJpZ2h0OiAyMHB4OyI+CiAgICAgICAgICA8aW1nIHNyYz0iaHR0cHM6Ly9hcGFydGFtZW50b3NsYWZ1ZW5zYW50YS5lcy93cC1jb250ZW50L3VwbG9hZHMvMjAyNS8wNC9jb3Jkb2JhLWVyYXNtdXMtbWV6cXVpdGEtcHVlbnRlLXJvbWFuby5qcGciIHN0eWxlPSJ3aWR0aDogMTAwJTsgaGVpZ2h0OiBhdXRvOyI+CiAgICA8L2Rpdj4KCiAgICA8ZGl2IHN0eWxlPSJmbGV4OiAxOyI+CjxwPsOAIHF1ZWxxdWVzIG3DqHRyZXMgY29tbWVuY2UgbGEgY8OpbMOoYnJlIFBBU0VPIERFIExBIFJJQkVSQSwgcXVpIGxvbmdlIG5vdHJlIGVtYmzDqW1hdGlxdWUgZmxldXZlIEd1YWRhbHF1aXZpci4gPC9wPgo8cD5Wb3VzIHkgdHJvdXZlcmV6IGRlcyBsaWV1eCB0ZW5kYW5jZXMsIGdhc3Ryb25vbWlxdWVzIGV0IHBvdXIgc29ydGlyIGJvaXJlIHVuIHZlcnJlIGRhbnMgbm90cmUgdmlsbGUuPC9wPgogICAgPC9kaXY+CjwvZGl2Pgo=[\/vc_raw_html][\/vc_column][\/vc_row][vc_row][vc_column][vc_empty_space][vc_column_text]<\/p>\n<div style=\"display: flex; justify-content: space-between;\">\n<div style=\"flex: 1; padding-right: 20px;\">\n<p>Nous sommes situ\u00e9s dans le quartier \u00ab La Fuensanta \u00bb, qui offre des services essentiels tels que banques, pharmacies, bars avec gastronomie typique cordouane, boulangeries artisanales, supermarch\u00e9s et le grand centre commercial \u00ab El Arc\u00e1ngel \u00bb (avec cin\u00e9mas, cha\u00eenes de magasins et restauration internationale).<\/p>\n<p>En outre, vous trouverez \u00e0 proximit\u00e9 le Club Deportivo Santuario (avec piscine publique, terrains de padel et de tennis toute l\u2019ann\u00e9e).<\/p>\n<\/div>\n<div style=\"flex: 1;\"><img decoding=\"async\" style=\"width: 100%; height: auto;\" src=\"https:\/\/apartamentoslafuensanta.es\/wp-content\/uploads\/2025\/04\/image_2025-04-09_09-39-23.png\"><\/div>\n<\/div>\n<p>[\/vc_column_text][\/vc_column][\/vc_row]<\/p>\n<\/section>","protected":false},"excerpt":{"rendered":"<p>[vc_row full_width=\u00a0\u00bbstretch_row_content\u00a0\u00bb css=\u00a0\u00bb.vc_custom_1744194731380{margin-top: 120px !important;}\u00a0\u00bb][vc_column][vc_column_text] APPARTEMENTS LA FUENSANTA Situ\u00e9s \u00e0 un emplacement strat\u00e9gique, vous pourrez acc\u00e9der \u00e0 pied \u00e0 tous les sites touristiques ainsi qu\u2019au centre-ville.[\/vc_column_text][vc_separator][\/vc_column][\/vc_row][vc_row][vc_column][vc_widget_sidebar][\/vc_column][\/vc_row][vc_row][vc_column][vc_raw_html]PGRpdiBzdHlsZT0iZGlzcGxheTogZmxleDsganVzdGlmeS1jb250ZW50OiBzcGFjZS1iZXR3ZWVuOyI+CiAgICA8ZGl2IHN0eWxlPSJmbGV4OiAxOyBwYWRkaW5nLXJpZ2h0OiAyMHB4OyI+CiAgICAgICAgICA8aW1nIHNyYz0iaHR0cHM6Ly9hcGFydGFtZW50b3NsYWZ1ZW5zYW50YS5lcy93cC1jb250ZW50L3VwbG9hZHMvMjAyNS8wNC9jb3Jkb2JhLWVyYXNtdXMtbWV6cXVpdGEtcHVlbnRlLXJvbWFuby5qcGciIHN0eWxlPSJ3aWR0aDogMTAwJTsgaGVpZ2h0OiBhdXRvOyI+CiAgICA8L2Rpdj4KCiAgICA8ZGl2IHN0eWxlPSJmbGV4OiAxOyI+CjxwPsOAIHF1ZWxxdWVzIG3DqHRyZXMgY29tbWVuY2UgbGEgY8OpbMOoYnJlIFBBU0VPIERFIExBIFJJQkVSQSwgcXVpIGxvbmdlIG5vdHJlIGVtYmzDqW1hdGlxdWUgZmxldXZlIEd1YWRhbHF1aXZpci4gPC9wPgo8cD5Wb3VzIHkgdHJvdXZlcmV6IGRlcyBsaWV1eCB0ZW5kYW5jZXMsIGdhc3Ryb25vbWlxdWVzIGV0IHBvdXIgc29ydGlyIGJvaXJlIHVuIHZlcnJlIGRhbnMgbm90cmUgdmlsbGUuPC9wPgogICAgPC9kaXY+CjwvZGl2Pgo=[\/vc_raw_html][\/vc_column][\/vc_row][vc_row][vc_column][vc_empty_space][vc_column_text] Nous sommes situ\u00e9s dans le quartier \u00ab La Fuensanta \u00bb, qui offre des services essentiels tels que banques, pharmacies, bars avec gastronomie typique cordouane, boulangeries artisanales, supermarch\u00e9s et le [&hellip;]<\/p>\n","protected":false},"author":3,"featured_media":0,"parent":0,"menu_order":0,"comment_status":"closed","ping_status":"closed","template":"","meta":{"footnotes":""},"class_list":["post-988","page","type-page","status-publish","hentry"],"yoast_head":"<!-- This site is optimized with the Yoast SEO plugin v24.7 - https:\/\/yoast.com\/wordpress\/plugins\/seo\/ -->\n<title>Pourquoi nous choisir ? - Apartamentos La Fuensanta<\/title>\n<meta name=\"robots\" content=\"index, follow, max-snippet:-1, max-image-preview:large, max-video-preview:-1\" \/>\n<link rel=\"canonical\" href=\"https:\/\/apartamentoslafuensanta.es\/fr\/pourquoi-nous-choisir\/\" \/>\n<meta property=\"og:locale\" content=\"fr_FR\" \/>\n<meta property=\"og:type\" content=\"article\" \/>\n<meta property=\"og:title\" content=\"Pourquoi nous choisir ? - Apartamentos La Fuensanta\" \/>\n<meta property=\"og:description\" content=\"[vc_row full_width=\u00a0\u00bbstretch_row_content\u00a0\u00bb css=\u00a0\u00bb.vc_custom_1744194731380{margin-top: 120px !important;}\u00a0\u00bb][vc_column][vc_column_text] APPARTEMENTS LA FUENSANTA Situ\u00e9s \u00e0 un emplacement strat\u00e9gique, vous pourrez acc\u00e9der \u00e0 pied \u00e0 tous les sites touristiques ainsi qu\u2019au centre-ville.[\/vc_column_text][vc_separator][\/vc_column][\/vc_row][vc_row][vc_column][vc_widget_sidebar][\/vc_column][\/vc_row][vc_row][vc_column][vc_raw_html]PGRpdiBzdHlsZT0iZGlzcGxheTogZmxleDsganVzdGlmeS1jb250ZW50OiBzcGFjZS1iZXR3ZWVuOyI+CiAgICA8ZGl2IHN0eWxlPSJmbGV4OiAxOyBwYWRkaW5nLXJpZ2h0OiAyMHB4OyI+CiAgICAgICAgICA8aW1nIHNyYz0iaHR0cHM6Ly9hcGFydGFtZW50b3NsYWZ1ZW5zYW50YS5lcy93cC1jb250ZW50L3VwbG9hZHMvMjAyNS8wNC9jb3Jkb2JhLWVyYXNtdXMtbWV6cXVpdGEtcHVlbnRlLXJvbWFuby5qcGciIHN0eWxlPSJ3aWR0aDogMTAwJTsgaGVpZ2h0OiBhdXRvOyI+CiAgICA8L2Rpdj4KCiAgICA8ZGl2IHN0eWxlPSJmbGV4OiAxOyI+CjxwPsOAIHF1ZWxxdWVzIG3DqHRyZXMgY29tbWVuY2UgbGEgY8OpbMOoYnJlIFBBU0VPIERFIExBIFJJQkVSQSwgcXVpIGxvbmdlIG5vdHJlIGVtYmzDqW1hdGlxdWUgZmxldXZlIEd1YWRhbHF1aXZpci4gPC9wPgo8cD5Wb3VzIHkgdHJvdXZlcmV6IGRlcyBsaWV1eCB0ZW5kYW5jZXMsIGdhc3Ryb25vbWlxdWVzIGV0IHBvdXIgc29ydGlyIGJvaXJlIHVuIHZlcnJlIGRhbnMgbm90cmUgdmlsbGUuPC9wPgogICAgPC9kaXY+CjwvZGl2Pgo=[\/vc_raw_html][\/vc_column][\/vc_row][vc_row][vc_column][vc_empty_space][vc_column_text] Nous sommes situ\u00e9s dans le quartier \u00ab La Fuensanta \u00bb, qui offre des services essentiels tels que banques, pharmacies, bars avec gastronomie typique cordouane, boulangeries artisanales, supermarch\u00e9s et le [&hellip;]\" \/>\n<meta property=\"og:url\" content=\"https:\/\/apartamentoslafuensanta.es\/fr\/pourquoi-nous-choisir\/\" \/>\n<meta property=\"og:site_name\" content=\"Apartamentos La Fuensanta\" \/>\n<meta property=\"article:modified_time\" content=\"2025-05-07T07:38:28+00:00\" \/>\n<meta property=\"og:image\" content=\"https:\/\/apartamentoslafuensanta.es\/wp-content\/uploads\/2025\/04\/image_2025-04-08_14-21-18-1024x576.png\" \/>\n\t<meta property=\"og:image:width\" content=\"1024\" \/>\n\t<meta property=\"og:image:height\" content=\"576\" \/>\n\t<meta property=\"og:image:type\" content=\"image\/png\" \/>\n<meta name=\"twitter:card\" content=\"summary_large_image\" \/>\n<meta name=\"twitter:label1\" content=\"Dur\u00e9e de lecture estim\u00e9e\" \/>\n\t<meta name=\"twitter:data1\" content=\"1 minute\" \/>\n<script type=\"application\/ld+json\" class=\"yoast-schema-graph\">{\"@context\":\"https:\/\/schema.org\",\"@graph\":[{\"@type\":\"WebPage\",\"@id\":\"https:\/\/apartamentoslafuensanta.es\/fr\/pourquoi-nous-choisir\/\",\"url\":\"https:\/\/apartamentoslafuensanta.es\/fr\/pourquoi-nous-choisir\/\",\"name\":\"Pourquoi nous choisir ? - Apartamentos La Fuensanta\",\"isPartOf\":{\"@id\":\"https:\/\/apartamentoslafuensanta.es\/#website\"},\"primaryImageOfPage\":{\"@id\":\"https:\/\/apartamentoslafuensanta.es\/fr\/pourquoi-nous-choisir\/#primaryimage\"},\"image\":{\"@id\":\"https:\/\/apartamentoslafuensanta.es\/fr\/pourquoi-nous-choisir\/#primaryimage\"},\"thumbnailUrl\":\"https:\/\/apartamentoslafuensanta.es\/wp-content\/uploads\/2025\/04\/apartamentos_fuensanta-2.jpg\",\"datePublished\":\"2025-04-09T09:33:00+00:00\",\"dateModified\":\"2025-05-07T07:38:28+00:00\",\"breadcrumb\":{\"@id\":\"https:\/\/apartamentoslafuensanta.es\/fr\/pourquoi-nous-choisir\/#breadcrumb\"},\"inLanguage\":\"fr-FR\",\"potentialAction\":[{\"@type\":\"ReadAction\",\"target\":[\"https:\/\/apartamentoslafuensanta.es\/fr\/pourquoi-nous-choisir\/\"]}]},{\"@type\":\"ImageObject\",\"inLanguage\":\"fr-FR\",\"@id\":\"https:\/\/apartamentoslafuensanta.es\/fr\/pourquoi-nous-choisir\/#primaryimage\",\"url\":\"https:\/\/apartamentoslafuensanta.es\/wp-content\/uploads\/2025\/04\/apartamentos_fuensanta-2.jpg\",\"contentUrl\":\"https:\/\/apartamentoslafuensanta.es\/wp-content\/uploads\/2025\/04\/apartamentos_fuensanta-2.jpg\"},{\"@type\":\"BreadcrumbList\",\"@id\":\"https:\/\/apartamentoslafuensanta.es\/fr\/pourquoi-nous-choisir\/#breadcrumb\",\"itemListElement\":[{\"@type\":\"ListItem\",\"position\":1,\"name\":\"Portada\",\"item\":\"https:\/\/apartamentoslafuensanta.es\/fr\/\"},{\"@type\":\"ListItem\",\"position\":2,\"name\":\"Pourquoi nous choisir ?\"}]},{\"@type\":\"WebSite\",\"@id\":\"https:\/\/apartamentoslafuensanta.es\/#website\",\"url\":\"https:\/\/apartamentoslafuensanta.es\/\",\"name\":\"Apartamentos La Fuensanta\",\"description\":\"\",\"potentialAction\":[{\"@type\":\"SearchAction\",\"target\":{\"@type\":\"EntryPoint\",\"urlTemplate\":\"https:\/\/apartamentoslafuensanta.es\/?s={search_term_string}\"},\"query-input\":{\"@type\":\"PropertyValueSpecification\",\"valueRequired\":true,\"valueName\":\"search_term_string\"}}],\"inLanguage\":\"fr-FR\"}]}<\/script>\n<!-- \/ Yoast SEO plugin. -->","yoast_head_json":{"title":"Pourquoi nous choisir ? - Apartamentos La Fuensanta","robots":{"index":"index","follow":"follow","max-snippet":"max-snippet:-1","max-image-preview":"max-image-preview:large","max-video-preview":"max-video-preview:-1"},"canonical":"https:\/\/apartamentoslafuensanta.es\/fr\/pourquoi-nous-choisir\/","og_locale":"fr_FR","og_type":"article","og_title":"Pourquoi nous choisir ? - Apartamentos La Fuensanta","og_description":"[vc_row full_width=\u00a0\u00bbstretch_row_content\u00a0\u00bb css=\u00a0\u00bb.vc_custom_1744194731380{margin-top: 120px !important;}\u00a0\u00bb][vc_column][vc_column_text] APPARTEMENTS LA FUENSANTA Situ\u00e9s \u00e0 un emplacement strat\u00e9gique, vous pourrez acc\u00e9der \u00e0 pied \u00e0 tous les sites touristiques ainsi qu\u2019au centre-ville.[\/vc_column_text][vc_separator][\/vc_column][\/vc_row][vc_row][vc_column][vc_widget_sidebar][\/vc_column][\/vc_row][vc_row][vc_column][vc_raw_html]PGRpdiBzdHlsZT0iZGlzcGxheTogZmxleDsganVzdGlmeS1jb250ZW50OiBzcGFjZS1iZXR3ZWVuOyI+CiAgICA8ZGl2IHN0eWxlPSJmbGV4OiAxOyBwYWRkaW5nLXJpZ2h0OiAyMHB4OyI+CiAgICAgICAgICA8aW1nIHNyYz0iaHR0cHM6Ly9hcGFydGFtZW50b3NsYWZ1ZW5zYW50YS5lcy93cC1jb250ZW50L3VwbG9hZHMvMjAyNS8wNC9jb3Jkb2JhLWVyYXNtdXMtbWV6cXVpdGEtcHVlbnRlLXJvbWFuby5qcGciIHN0eWxlPSJ3aWR0aDogMTAwJTsgaGVpZ2h0OiBhdXRvOyI+CiAgICA8L2Rpdj4KCiAgICA8ZGl2IHN0eWxlPSJmbGV4OiAxOyI+CjxwPsOAIHF1ZWxxdWVzIG3DqHRyZXMgY29tbWVuY2UgbGEgY8OpbMOoYnJlIFBBU0VPIERFIExBIFJJQkVSQSwgcXVpIGxvbmdlIG5vdHJlIGVtYmzDqW1hdGlxdWUgZmxldXZlIEd1YWRhbHF1aXZpci4gPC9wPgo8cD5Wb3VzIHkgdHJvdXZlcmV6IGRlcyBsaWV1eCB0ZW5kYW5jZXMsIGdhc3Ryb25vbWlxdWVzIGV0IHBvdXIgc29ydGlyIGJvaXJlIHVuIHZlcnJlIGRhbnMgbm90cmUgdmlsbGUuPC9wPgogICAgPC9kaXY+CjwvZGl2Pgo=[\/vc_raw_html][\/vc_column][\/vc_row][vc_row][vc_column][vc_empty_space][vc_column_text] Nous sommes situ\u00e9s dans le quartier \u00ab La Fuensanta \u00bb, qui offre des services essentiels tels que banques, pharmacies, bars avec gastronomie typique cordouane, boulangeries artisanales, supermarch\u00e9s et le [&hellip;]","og_url":"https:\/\/apartamentoslafuensanta.es\/fr\/pourquoi-nous-choisir\/","og_site_name":"Apartamentos La Fuensanta","article_modified_time":"2025-05-07T07:38:28+00:00","og_image":[{"width":1024,"height":576,"url":"https:\/\/apartamentoslafuensanta.es\/wp-content\/uploads\/2025\/04\/image_2025-04-08_14-21-18-1024x576.png","type":"image\/png"}],"twitter_card":"summary_large_image","twitter_misc":{"Dur\u00e9e de lecture estim\u00e9e":"1 minute"},"schema":{"@context":"https:\/\/schema.org","@graph":[{"@type":"WebPage","@id":"https:\/\/apartamentoslafuensanta.es\/fr\/pourquoi-nous-choisir\/","url":"https:\/\/apartamentoslafuensanta.es\/fr\/pourquoi-nous-choisir\/","name":"Pourquoi nous choisir ? - Apartamentos La Fuensanta","isPartOf":{"@id":"https:\/\/apartamentoslafuensanta.es\/#website"},"primaryImageOfPage":{"@id":"https:\/\/apartamentoslafuensanta.es\/fr\/pourquoi-nous-choisir\/#primaryimage"},"image":{"@id":"https:\/\/apartamentoslafuensanta.es\/fr\/pourquoi-nous-choisir\/#primaryimage"},"thumbnailUrl":"https:\/\/apartamentoslafuensanta.es\/wp-content\/uploads\/2025\/04\/apartamentos_fuensanta-2.jpg","datePublished":"2025-04-09T09:33:00+00:00","dateModified":"2025-05-07T07:38:28+00:00","breadcrumb":{"@id":"https:\/\/apartamentoslafuensanta.es\/fr\/pourquoi-nous-choisir\/#breadcrumb"},"inLanguage":"fr-FR","potentialAction":[{"@type":"ReadAction","target":["https:\/\/apartamentoslafuensanta.es\/fr\/pourquoi-nous-choisir\/"]}]},{"@type":"ImageObject","inLanguage":"fr-FR","@id":"https:\/\/apartamentoslafuensanta.es\/fr\/pourquoi-nous-choisir\/#primaryimage","url":"https:\/\/apartamentoslafuensanta.es\/wp-content\/uploads\/2025\/04\/apartamentos_fuensanta-2.jpg","contentUrl":"https:\/\/apartamentoslafuensanta.es\/wp-content\/uploads\/2025\/04\/apartamentos_fuensanta-2.jpg"},{"@type":"BreadcrumbList","@id":"https:\/\/apartamentoslafuensanta.es\/fr\/pourquoi-nous-choisir\/#breadcrumb","itemListElement":[{"@type":"ListItem","position":1,"name":"Portada","item":"https:\/\/apartamentoslafuensanta.es\/fr\/"},{"@type":"ListItem","position":2,"name":"Pourquoi nous choisir ?"}]},{"@type":"WebSite","@id":"https:\/\/apartamentoslafuensanta.es\/#website","url":"https:\/\/apartamentoslafuensanta.es\/","name":"Apartamentos La Fuensanta","description":"","potentialAction":[{"@type":"SearchAction","target":{"@type":"EntryPoint","urlTemplate":"https:\/\/apartamentoslafuensanta.es\/?s={search_term_string}"},"query-input":{"@type":"PropertyValueSpecification","valueRequired":true,"valueName":"search_term_string"}}],"inLanguage":"fr-FR"}]}},"_links":{"self":[{"href":"https:\/\/apartamentoslafuensanta.es\/fr\/wp-json\/wp\/v2\/pages\/988","targetHints":{"allow":["GET"]}}],"collection":[{"href":"https:\/\/apartamentoslafuensanta.es\/fr\/wp-json\/wp\/v2\/pages"}],"about":[{"href":"https:\/\/apartamentoslafuensanta.es\/fr\/wp-json\/wp\/v2\/types\/page"}],"author":[{"embeddable":true,"href":"https:\/\/apartamentoslafuensanta.es\/fr\/wp-json\/wp\/v2\/users\/3"}],"replies":[{"embeddable":true,"href":"https:\/\/apartamentoslafuensanta.es\/fr\/wp-json\/wp\/v2\/comments?post=988"}],"version-history":[{"count":1,"href":"https:\/\/apartamentoslafuensanta.es\/fr\/wp-json\/wp\/v2\/pages\/988\/revisions"}],"predecessor-version":[{"id":989,"href":"https:\/\/apartamentoslafuensanta.es\/fr\/wp-json\/wp\/v2\/pages\/988\/revisions\/989"}],"wp:attachment":[{"href":"https:\/\/apartamentoslafuensanta.es\/fr\/wp-json\/wp\/v2\/media?parent=988"}],"curies":[{"name":"wp","href":"https:\/\/api.w.org\/{rel}","templated":true}]}}